{"id":841,"date":"2025-02-27T21:01:25","date_gmt":"2025-02-27T21:01:25","guid":{"rendered":"https:\/\/karchertempclean.com.br\/?post_type=product&#038;p=841"},"modified":"2025-02-27T21:01:25","modified_gmt":"2025-02-27T21:01:25","slug":"varredeira-automatica-karcher-km-75-40-w-bateria","status":"publish","type":"product","link":"https:\/\/karchertempclean.com.br\/?product=varredeira-automatica-karcher-km-75-40-w-bateria","title":{"rendered":"Varredeira Autom\u00e1tica K\u00e4rcher KM 75\/40 W (Bateria)"},"content":{"rendered":"<h2>Dados T\u00e9cnicos<\/h2>\n<p>Tipo de drive: Bateria<br data-start=\"79\" data-end=\"82\" \/>Tens\u00e3o da bateria: 12 V<br data-start=\"105\" data-end=\"108\" \/>Pot\u00eancia: 400 W<br data-start=\"123\" data-end=\"126\" \/>Produtividade: 3375 m\u00b2\/h<br data-start=\"150\" data-end=\"153\" \/>Faixa de trabalho: 750 mm<br data-start=\"178\" data-end=\"181\" \/>Reservat\u00f3rio: 40 L<br data-start=\"199\" data-end=\"202\" \/>Capacidade de vencer aclives: 12%<br data-start=\"235\" data-end=\"238\" \/>Velocidade de opera\u00e7\u00e3o: 4,5 km\/h<br data-start=\"270\" data-end=\"273\" \/>Peso (com acess\u00f3rios): 124 kg<br data-start=\"302\" data-end=\"305\" \/>Medidas (C x L x A): 1430 x 780 x 1180 mm<\/p>\n<h2>Garantia<\/h2>\n<p>&#8211; Garantia: 12 meses (3 meses de garantia legal por lei, contando a partir da data de emiss\u00e3o da Nota Fiscal de Venda e 9 meses de garantia concedido pelo fabricante contra defeito de fabrica\u00e7\u00e3o).<\/p>\n","protected":false},"excerpt":{"rendered":"<p>Varredeira com sistema de v\u00e1cuo com potente motor movido da bateria, ideal para limpeza livre de poeira completa a partir de 600 m\u00b2.<\/p>\n","protected":false},"featured_media":842,"comment_status":"open","ping_status":"closed","template":"","meta":[],"product_brand":[],"product_cat":[28],"product_tag":[],"class_list":{"0":"post-841","1":"product","2":"type-product","3":"status-publish","4":"has-post-thumbnail","6":"product_cat-varredeiras-profissionais","8":"first","9":"instock","10":"shipping-taxable","11":"product-type-simple"},"_links":{"self":[{"href":"https:\/\/karchertempclean.com.br\/index.php?rest_route=\/wp\/v2\/product\/841","targetHints":{"allow":["GET"]}}],"collection":[{"href":"https:\/\/karchertempclean.com.br\/index.php?rest_route=\/wp\/v2\/product"}],"about":[{"href":"https:\/\/karchertempclean.com.br\/index.php?rest_route=\/wp\/v2\/types\/product"}],"replies":[{"embeddable":true,"href":"https:\/\/karchertempclean.com.br\/index.php?rest_route=%2Fwp%2Fv2%2Fcomments&post=841"}],"version-history":[{"count":1,"href":"https:\/\/karchertempclean.com.br\/index.php?rest_route=\/wp\/v2\/product\/841\/revisions"}],"predecessor-version":[{"id":850,"href":"https:\/\/karchertempclean.com.br\/index.php?rest_route=\/wp\/v2\/product\/841\/revisions\/850"}],"wp:featuredmedia":[{"embeddable":true,"href":"https:\/\/karchertempclean.com.br\/index.php?rest_route=\/wp\/v2\/media\/842"}],"wp:attachment":[{"href":"https:\/\/karchertempclean.com.br\/index.php?rest_route=%2Fwp%2Fv2%2Fmedia&parent=841"}],"wp:term":[{"taxonomy":"product_brand","embeddable":true,"href":"https:\/\/karchertempclean.com.br\/index.php?rest_route=%2Fwp%2Fv2%2Fproduct_brand&post=841"},{"taxonomy":"product_cat","embeddable":true,"href":"https:\/\/karchertempclean.com.br\/index.php?rest_route=%2Fwp%2Fv2%2Fproduct_cat&post=841"},{"taxonomy":"product_tag","embeddable":true,"href":"https:\/\/karchertempclean.com.br\/index.php?rest_route=%2Fwp%2Fv2%2Fproduct_tag&post=841"}],"curies":[{"name":"wp","href":"https:\/\/api.w.org\/{rel}","templated":true}]}}