{"id":833,"date":"2025-02-27T20:57:27","date_gmt":"2025-02-27T20:57:27","guid":{"rendered":"https:\/\/karchertempclean.com.br\/?post_type=product&#038;p=833"},"modified":"2025-02-27T20:57:27","modified_gmt":"2025-02-27T20:57:27","slug":"varredeira-manual-karcher-km-70-30-c-bateria","status":"publish","type":"product","link":"https:\/\/karchertempclean.com.br\/?product=varredeira-manual-karcher-km-70-30-c-bateria","title":{"rendered":"Varredeira Manual K\u00e4rcher KM 70\/30 C (Bateria)"},"content":{"rendered":"<h2>Dados T\u00e9cnicos<\/h2>\n<p>Modelo: KM 70\/30 C<br data-start=\"65\" data-end=\"68\" \/>Acionamento: Bateria (aspira\u00e7\u00e3o)<br data-start=\"100\" data-end=\"103\" \/>Acionamento &#8211; Tens\u00e3o (V): 12<br data-start=\"131\" data-end=\"134\" \/>Faixa de trabalho (mm): 700<br data-start=\"161\" data-end=\"164\" \/>Capacidade do recipiente (L): 42<br data-start=\"196\" data-end=\"199\" \/>Produtividade (m\u00b2\/h): 2800<br data-start=\"225\" data-end=\"228\" \/>Dimens\u00e3o (mm) (C x L x A): 1240 x 710 x 1150<br data-start=\"272\" data-end=\"275\" \/>Peso: 47 kg<\/p>\n<p>&nbsp;<\/p>\n<section id=\"product-information\" class=\"product__information\">\n<div>\n<h2>Garantia<\/h2>\n<p>&#8211; Garantia: 12 meses (3 meses de garantia legal por lei, contando a partir da data de emiss\u00e3o da Nota Fiscal de Venda e 9 meses de garantia concedido pelo fabricante contra defeito de fabrica\u00e7\u00e3o).<\/p><\/div>\n<\/section>\n<div id=\"product-reviews\" class=\"product__reviews\"><\/div>\n","protected":false},"excerpt":{"rendered":"<p>A <strong data-start=\"41\" data-end=\"65\">KM 70\/30 C (Bateria)<\/strong> oferece opera\u00e7\u00e3o f\u00e1cil com o <strong data-start=\"95\" data-end=\"121\">Sistema Easy Operation<\/strong>. Com escova de rolo e m\u00e9todo <strong data-start=\"151\" data-end=\"164\">overthrow<\/strong>, garante maior efici\u00eancia e capacidade de limpeza. Seu design compacto, escova lateral ajust\u00e1vel e filtro de recircula\u00e7\u00e3o de ar permitem uso em ambientes internos, com \u00f3tima performance e baixo esfor\u00e7o.<\/p>\n","protected":false},"featured_media":834,"comment_status":"open","ping_status":"closed","template":"","meta":[],"product_brand":[],"product_cat":[28],"product_tag":[],"class_list":{"0":"post-833","1":"product","2":"type-product","3":"status-publish","4":"has-post-thumbnail","6":"product_cat-varredeiras-profissionais","8":"first","9":"instock","10":"shipping-taxable","11":"product-type-simple"},"_links":{"self":[{"href":"https:\/\/karchertempclean.com.br\/index.php?rest_route=\/wp\/v2\/product\/833","targetHints":{"allow":["GET"]}}],"collection":[{"href":"https:\/\/karchertempclean.com.br\/index.php?rest_route=\/wp\/v2\/product"}],"about":[{"href":"https:\/\/karchertempclean.com.br\/index.php?rest_route=\/wp\/v2\/types\/product"}],"replies":[{"embeddable":true,"href":"https:\/\/karchertempclean.com.br\/index.php?rest_route=%2Fwp%2Fv2%2Fcomments&post=833"}],"version-history":[{"count":1,"href":"https:\/\/karchertempclean.com.br\/index.php?rest_route=\/wp\/v2\/product\/833\/revisions"}],"predecessor-version":[{"id":840,"href":"https:\/\/karchertempclean.com.br\/index.php?rest_route=\/wp\/v2\/product\/833\/revisions\/840"}],"wp:featuredmedia":[{"embeddable":true,"href":"https:\/\/karchertempclean.com.br\/index.php?rest_route=\/wp\/v2\/media\/834"}],"wp:attachment":[{"href":"https:\/\/karchertempclean.com.br\/index.php?rest_route=%2Fwp%2Fv2%2Fmedia&parent=833"}],"wp:term":[{"taxonomy":"product_brand","embeddable":true,"href":"https:\/\/karchertempclean.com.br\/index.php?rest_route=%2Fwp%2Fv2%2Fproduct_brand&post=833"},{"taxonomy":"product_cat","embeddable":true,"href":"https:\/\/karchertempclean.com.br\/index.php?rest_route=%2Fwp%2Fv2%2Fproduct_cat&post=833"},{"taxonomy":"product_tag","embeddable":true,"href":"https:\/\/karchertempclean.com.br\/index.php?rest_route=%2Fwp%2Fv2%2Fproduct_tag&post=833"}],"curies":[{"name":"wp","href":"https:\/\/api.w.org\/{rel}","templated":true}]}}