{"id":827,"date":"2025-02-27T20:53:29","date_gmt":"2025-02-27T20:53:29","guid":{"rendered":"https:\/\/karchertempclean.com.br\/?post_type=product&#038;p=827"},"modified":"2025-02-27T20:53:29","modified_gmt":"2025-02-27T20:53:29","slug":"varredeira-manual-karcher-km-70-20-c-2sb","status":"publish","type":"product","link":"https:\/\/karchertempclean.com.br\/?product=varredeira-manual-karcher-km-70-20-c-2sb","title":{"rendered":"Varredeira Manual K\u00e4rcher KM 70\/20 C (2SB)"},"content":{"rendered":"<h2>Dados T\u00e9cnicos<\/h2>\n<p>Tipo de drive: Manual<br data-start=\"72\" data-end=\"75\" \/>Produtividade: 3.920 m\u00b2\/h<br data-start=\"100\" data-end=\"103\" \/>Faixa de trabalho: 480 mm<br data-start=\"128\" data-end=\"131\" \/>Faixa de trabalho com 1 escova lateral: 700 mm<br data-start=\"177\" data-end=\"180\" \/>Faixa de trabalho com 2 escovas laterais: 980 mm<br data-start=\"228\" data-end=\"231\" \/>Reservat\u00f3rio: 45 L \/ 20 L<br data-start=\"256\" data-end=\"259\" \/>Peso (com acess\u00f3rios): 22 kg<br data-start=\"287\" data-end=\"290\" \/>Peso pronto para operar: 22 kg<br data-start=\"320\" data-end=\"323\" \/>Peso com embalagem: 27,5 kg<\/p>\n<h2>Garantia<\/h2>\n<p>&#8211; Garantia: 12 meses (3 meses de garantia legal por lei, contando a partir da data de emiss\u00e3o da Nota Fiscal de Venda e 9 meses de garantia concedido pelo fabricante contra defeito de fabrica\u00e7\u00e3o).<\/p>\n","protected":false},"excerpt":{"rendered":"<p>Com filtro de p\u00f3 de f\u00e1cil acesso para substitui\u00e7\u00e3o r\u00e1pida, recipiente de sujeira grande e al\u00e7a ergon\u00f4mica para manuseio simples. A al\u00e7a ajust\u00e1vel em tr\u00eas alturas garante conforto, e seu design dobr\u00e1vel facilita o armazenamento.<\/p>\n","protected":false},"featured_media":828,"comment_status":"open","ping_status":"closed","template":"","meta":[],"product_brand":[],"product_cat":[28],"product_tag":[],"class_list":{"0":"post-827","1":"product","2":"type-product","3":"status-publish","4":"has-post-thumbnail","6":"product_cat-varredeiras-profissionais","8":"first","9":"instock","10":"shipping-taxable","11":"product-type-simple"},"_links":{"self":[{"href":"https:\/\/karchertempclean.com.br\/index.php?rest_route=\/wp\/v2\/product\/827","targetHints":{"allow":["GET"]}}],"collection":[{"href":"https:\/\/karchertempclean.com.br\/index.php?rest_route=\/wp\/v2\/product"}],"about":[{"href":"https:\/\/karchertempclean.com.br\/index.php?rest_route=\/wp\/v2\/types\/product"}],"replies":[{"embeddable":true,"href":"https:\/\/karchertempclean.com.br\/index.php?rest_route=%2Fwp%2Fv2%2Fcomments&post=827"}],"version-history":[{"count":1,"href":"https:\/\/karchertempclean.com.br\/index.php?rest_route=\/wp\/v2\/product\/827\/revisions"}],"predecessor-version":[{"id":831,"href":"https:\/\/karchertempclean.com.br\/index.php?rest_route=\/wp\/v2\/product\/827\/revisions\/831"}],"wp:featuredmedia":[{"embeddable":true,"href":"https:\/\/karchertempclean.com.br\/index.php?rest_route=\/wp\/v2\/media\/828"}],"wp:attachment":[{"href":"https:\/\/karchertempclean.com.br\/index.php?rest_route=%2Fwp%2Fv2%2Fmedia&parent=827"}],"wp:term":[{"taxonomy":"product_brand","embeddable":true,"href":"https:\/\/karchertempclean.com.br\/index.php?rest_route=%2Fwp%2Fv2%2Fproduct_brand&post=827"},{"taxonomy":"product_cat","embeddable":true,"href":"https:\/\/karchertempclean.com.br\/index.php?rest_route=%2Fwp%2Fv2%2Fproduct_cat&post=827"},{"taxonomy":"product_tag","embeddable":true,"href":"https:\/\/karchertempclean.com.br\/index.php?rest_route=%2Fwp%2Fv2%2Fproduct_tag&post=827"}],"curies":[{"name":"wp","href":"https:\/\/api.w.org\/{rel}","templated":true}]}}