{"id":821,"date":"2025-02-27T20:50:03","date_gmt":"2025-02-27T20:50:03","guid":{"rendered":"https:\/\/karchertempclean.com.br\/?post_type=product&#038;p=821"},"modified":"2025-02-27T20:53:39","modified_gmt":"2025-02-27T20:53:39","slug":"varredeira-manual-karcher-km-70-30-c-bp-2sb","status":"publish","type":"product","link":"https:\/\/karchertempclean.com.br\/?product=varredeira-manual-karcher-km-70-30-c-bp-2sb","title":{"rendered":"Varredeira Manual K\u00e4rcher KM 70\/30 C (BP 2SB)"},"content":{"rendered":"<h3>Dados t\u00e9cnicos<\/h3>\n<p data-start=\"54\" data-end=\"365\" data-is-only-node=\"\" data-is-last-node=\"\">Tipo de drive: Manual<br data-start=\"75\" data-end=\"78\" \/>Pot\u00eancia: 36V<br data-start=\"91\" data-end=\"94\" \/>Produtividade: 3.920 m\u00b2\/h<br data-start=\"119\" data-end=\"122\" \/>Faixa de trabalho: 480 mm<br data-start=\"147\" data-end=\"150\" \/>Faixa de trabalho com 1 escova lateral: 700 mm<br data-start=\"196\" data-end=\"199\" \/>Faixa de trabalho com 2 escovas laterais: 980 mm<br data-start=\"247\" data-end=\"250\" \/>Reservat\u00f3rio: 45 L \/ 20 L<br data-start=\"275\" data-end=\"278\" \/>\u00c1rea do filtro: 0,6 m\u00b2<br data-start=\"300\" data-end=\"303\" \/>Peso (com acess\u00f3rios): 33,5 kg<br data-start=\"333\" data-end=\"336\" \/>Peso com embalagem: 40,2 kg<\/p>\n<h2>Garantia<\/h2>\n<p data-start=\"54\" data-end=\"365\" data-is-only-node=\"\" data-is-last-node=\"\">&#8211; Garantia: 12 meses (3 meses de garantia legal por lei, contando a partir da data de emiss\u00e3o da Nota Fiscal de Venda e 9 meses de garantia concedido pelo fabricante contra defeito de fabrica\u00e7\u00e3o).<\/p>\n","protected":false},"excerpt":{"rendered":"<p>A KM 70\/30 C BP 2SB \u00e9 uma varredeira el\u00e9trica compacta e vers\u00e1til, ideal para uso interno e externo. Com escova central ajust\u00e1vel, sistema de aspira\u00e7\u00e3o e al\u00e7a dobr\u00e1vel, oferece limpeza eficiente e f\u00e1cil manuseio. Seu sistema manual de limpeza do filtro garante maior durabilidade e desempenho.<\/p>\n","protected":false},"featured_media":822,"comment_status":"open","ping_status":"closed","template":"","meta":[],"product_brand":[],"product_cat":[28],"product_tag":[],"class_list":{"0":"post-821","1":"product","2":"type-product","3":"status-publish","4":"has-post-thumbnail","6":"product_cat-varredeiras-profissionais","8":"first","9":"instock","10":"shipping-taxable","11":"product-type-simple"},"_links":{"self":[{"href":"https:\/\/karchertempclean.com.br\/index.php?rest_route=\/wp\/v2\/product\/821","targetHints":{"allow":["GET"]}}],"collection":[{"href":"https:\/\/karchertempclean.com.br\/index.php?rest_route=\/wp\/v2\/product"}],"about":[{"href":"https:\/\/karchertempclean.com.br\/index.php?rest_route=\/wp\/v2\/types\/product"}],"replies":[{"embeddable":true,"href":"https:\/\/karchertempclean.com.br\/index.php?rest_route=%2Fwp%2Fv2%2Fcomments&post=821"}],"version-history":[{"count":2,"href":"https:\/\/karchertempclean.com.br\/index.php?rest_route=\/wp\/v2\/product\/821\/revisions"}],"predecessor-version":[{"id":832,"href":"https:\/\/karchertempclean.com.br\/index.php?rest_route=\/wp\/v2\/product\/821\/revisions\/832"}],"wp:featuredmedia":[{"embeddable":true,"href":"https:\/\/karchertempclean.com.br\/index.php?rest_route=\/wp\/v2\/media\/822"}],"wp:attachment":[{"href":"https:\/\/karchertempclean.com.br\/index.php?rest_route=%2Fwp%2Fv2%2Fmedia&parent=821"}],"wp:term":[{"taxonomy":"product_brand","embeddable":true,"href":"https:\/\/karchertempclean.com.br\/index.php?rest_route=%2Fwp%2Fv2%2Fproduct_brand&post=821"},{"taxonomy":"product_cat","embeddable":true,"href":"https:\/\/karchertempclean.com.br\/index.php?rest_route=%2Fwp%2Fv2%2Fproduct_cat&post=821"},{"taxonomy":"product_tag","embeddable":true,"href":"https:\/\/karchertempclean.com.br\/index.php?rest_route=%2Fwp%2Fv2%2Fproduct_tag&post=821"}],"curies":[{"name":"wp","href":"https:\/\/api.w.org\/{rel}","templated":true}]}}