{"id":816,"date":"2025-02-27T20:42:50","date_gmt":"2025-02-27T20:42:50","guid":{"rendered":"https:\/\/karchertempclean.com.br\/?post_type=product&#038;p=816"},"modified":"2025-02-27T20:42:51","modified_gmt":"2025-02-27T20:42:51","slug":"varredeira-manual-karcher-km-70-20-c-escova-dupla","status":"publish","type":"product","link":"https:\/\/karchertempclean.com.br\/?product=varredeira-manual-karcher-km-70-20-c-escova-dupla","title":{"rendered":"Varredeira Manual K\u00e4rcher KM 70\/20 C (Escova Dupla)"},"content":{"rendered":"<h2>Dados T\u00e9cnicos<\/h2>\n<div class=\"tabela__medidas\">\n<div class=\"tabela__medidas-container\">\n<ul>\n<li>Modelo: KM 70\/20<\/li>\n<\/ul>\n<ul>\n<li>Acionamento: Manual<\/li>\n<\/ul>\n<ul>\n<li>Produtividade te\u00f3rica \/ pr\u00e1tica<br \/>\n(m\u00b2\/h): 3.920 \/ 1.840<\/li>\n<\/ul>\n<ul>\n<li>Faixa de trabalho (mm): 920<\/li>\n<\/ul>\n<ul>\n<li>Capacidade do reservat\u00f3rio (L): 20<\/li>\n<\/ul>\n<ul>\n<li>Tipo de varri\u00e7\u00e3o: Escova fixa<\/li>\n<\/ul>\n<ul>\n<li>Peso (kg): 26<\/li>\n<\/ul>\n<ul>\n<li>Dimens\u00f5es (mm) (CxLxA): 860 x 760 x 400<\/li>\n<\/ul>\n<\/div>\n<\/div>\n<h2>Garantia<\/h2>\n<p>&#8211; Garantia: 12 meses (3 meses de garantia legal por lei, contando a partir da data de emiss\u00e3o da Nota Fiscal de Venda e 9 meses de garantia concedido pelo fabricante contra defeito de fabrica\u00e7\u00e3o).<\/p>\n","protected":false},"excerpt":{"rendered":"<p>Varredeira mec\u00e2nica compacta para uso interno e externo em todos os tipos de piso e sujidade. Indicada para uso profissional.<br \/>\nIdeal para \u00e1reas internas e externas, a partir de 200 m\u00b2. Possui design compacto e ergon\u00f4mico, com al\u00e7a dobr\u00e1vel e ajuste em tr\u00eas n\u00edveis de altura.<\/p>\n","protected":false},"featured_media":817,"comment_status":"open","ping_status":"closed","template":"","meta":[],"product_brand":[],"product_cat":[28],"product_tag":[],"class_list":{"0":"post-816","1":"product","2":"type-product","3":"status-publish","4":"has-post-thumbnail","6":"product_cat-varredeiras-profissionais","8":"first","9":"instock","10":"shipping-taxable","11":"product-type-simple"},"_links":{"self":[{"href":"https:\/\/karchertempclean.com.br\/index.php?rest_route=\/wp\/v2\/product\/816","targetHints":{"allow":["GET"]}}],"collection":[{"href":"https:\/\/karchertempclean.com.br\/index.php?rest_route=\/wp\/v2\/product"}],"about":[{"href":"https:\/\/karchertempclean.com.br\/index.php?rest_route=\/wp\/v2\/types\/product"}],"replies":[{"embeddable":true,"href":"https:\/\/karchertempclean.com.br\/index.php?rest_route=%2Fwp%2Fv2%2Fcomments&post=816"}],"version-history":[{"count":1,"href":"https:\/\/karchertempclean.com.br\/index.php?rest_route=\/wp\/v2\/product\/816\/revisions"}],"predecessor-version":[{"id":820,"href":"https:\/\/karchertempclean.com.br\/index.php?rest_route=\/wp\/v2\/product\/816\/revisions\/820"}],"wp:featuredmedia":[{"embeddable":true,"href":"https:\/\/karchertempclean.com.br\/index.php?rest_route=\/wp\/v2\/media\/817"}],"wp:attachment":[{"href":"https:\/\/karchertempclean.com.br\/index.php?rest_route=%2Fwp%2Fv2%2Fmedia&parent=816"}],"wp:term":[{"taxonomy":"product_brand","embeddable":true,"href":"https:\/\/karchertempclean.com.br\/index.php?rest_route=%2Fwp%2Fv2%2Fproduct_brand&post=816"},{"taxonomy":"product_cat","embeddable":true,"href":"https:\/\/karchertempclean.com.br\/index.php?rest_route=%2Fwp%2Fv2%2Fproduct_cat&post=816"},{"taxonomy":"product_tag","embeddable":true,"href":"https:\/\/karchertempclean.com.br\/index.php?rest_route=%2Fwp%2Fv2%2Fproduct_tag&post=816"}],"curies":[{"name":"wp","href":"https:\/\/api.w.org\/{rel}","templated":true}]}}