{"id":519,"date":"2025-02-25T21:40:04","date_gmt":"2025-02-25T21:40:04","guid":{"rendered":"https:\/\/karchertempclean.com.br\/?post_type=product&#038;p=519"},"modified":"2025-02-25T21:40:04","modified_gmt":"2025-02-25T21:40:04","slug":"aspirador-industrial-karcher-ivm-60-30-m-z22","status":"publish","type":"product","link":"https:\/\/karchertempclean.com.br\/?product=aspirador-industrial-karcher-ivm-60-30-m-z22","title":{"rendered":"Aspirador Industrial K\u00e4rcher IVM 60\/30 M Z22"},"content":{"rendered":"<pre id=\"tw-target-text\" class=\"tw-data-text tw-text-large tw-ta\" dir=\"ltr\" data-placeholder=\"Tradu\u00e7\u00e3o\" data-ved=\"2ahUKEwjwgcLv4d-LAxUdrZUCHf_YIHQQ3ewLegQIBxAV\" aria-label=\"Texto traduzido: Especialmente desenvolvido para a remo\u00e7\u00e3o de poeiras finas, perigosas e tamb\u00e9m explosivas: o nosso aspirador industrial de classe m\u00e9dia IVM 60\/30 M Z22 impressiona pelo seu soprador de canal lateral dur\u00e1vel e opera\u00e7\u00e3o trif\u00e1sica para uso cont\u00ednuo na ind\u00fastria e, se solicitado, tamb\u00e9m 24 horas por dia. A m\u00e1quina robusta, com caixa de a\u00e7o resistente e corpo e recipiente em a\u00e7o inoxid\u00e1vel resistente a \u00e1cidos, possui um grande filtro estrela na classe de p\u00f3 M e tamb\u00e9m cumpre os requisitos para trabalho na zona ATEX 22. O aspirador tamb\u00e9m \u00e9 certificado de acordo com 2014\/34\/EU. As rodas grandes garantem a m\u00e1xima mobilidade, enquanto a fi\u00e1vel limpeza manual do filtro com transmiss\u00e3o prolonga a vida \u00fatil do filtro, reduzindo assim o esfor\u00e7o de manuten\u00e7\u00e3o.\"><span class=\"Y2IQFc\" lang=\"pt\">Especialmente desenvolvido para a remo\u00e7\u00e3o de poeiras finas, perigosas e tamb\u00e9m explosivas: o nosso aspirador industrial de classe m\u00e9dia IVM 60\/30 M Z22 impressiona pelo seu soprador de canal lateral dur\u00e1vel e opera\u00e7\u00e3o trif\u00e1sica para uso cont\u00ednuo na ind\u00fastria e, se solicitado, tamb\u00e9m 24 horas por dia. A m\u00e1quina robusta, com caixa de a\u00e7o resistente e corpo e recipiente em a\u00e7o inoxid\u00e1vel resistente a \u00e1cidos, possui um grande filtro estrela na classe de p\u00f3 M e tamb\u00e9m cumpre os requisitos para trabalho na zona ATEX 22. O aspirador tamb\u00e9m \u00e9 certificado de acordo com 2014\/34\/EU. As rodas grandes garantem a m\u00e1xima mobilidade, enquanto a fi\u00e1vel limpeza manual do filtro com transmiss\u00e3o prolonga a vida \u00fatil do filtro, reduzindo assim o esfor\u00e7o de manuten\u00e7\u00e3o.<\/span><\/pre>\n","protected":false},"excerpt":{"rendered":"<pre id=\"tw-target-text\" class=\"tw-data-text tw-text-large tw-ta\" dir=\"ltr\" data-placeholder=\"Tradu\u00e7\u00e3o\" data-ved=\"2ahUKEwjwgcLv4d-LAxUdrZUCHf_YIHQQ3ewLegQIBxAV\" aria-label=\"Texto traduzido: Aspirador industrial m\u00f3vel de classe m\u00e9dia IVM 60\/30 M Z22 certificado de acordo com 2014\/34\/UE e adequado para ATEX Zona 22 com soprador de canal lateral para aplica\u00e7\u00f5es universais na ind\u00fastria.\"><span class=\"Y2IQFc\" lang=\"pt\">Aspirador industrial m\u00f3vel de classe m\u00e9dia IVM 60\/30 M Z22 certificado de acordo com 2014\/34\/UE e adequado para ATEX Zona 22 com soprador de canal lateral para aplica\u00e7\u00f5es universais na ind\u00fastria.<\/span><\/pre>\n","protected":false},"featured_media":520,"comment_status":"open","ping_status":"closed","template":"","meta":[],"product_brand":[],"product_cat":[24],"product_tag":[],"class_list":{"0":"post-519","1":"product","2":"type-product","3":"status-publish","4":"has-post-thumbnail","6":"product_cat-aspiradores-industriais","8":"first","9":"instock","10":"shipping-taxable","11":"product-type-simple"},"_links":{"self":[{"href":"https:\/\/karchertempclean.com.br\/index.php?rest_route=\/wp\/v2\/product\/519","targetHints":{"allow":["GET"]}}],"collection":[{"href":"https:\/\/karchertempclean.com.br\/index.php?rest_route=\/wp\/v2\/product"}],"about":[{"href":"https:\/\/karchertempclean.com.br\/index.php?rest_route=\/wp\/v2\/types\/product"}],"replies":[{"embeddable":true,"href":"https:\/\/karchertempclean.com.br\/index.php?rest_route=%2Fwp%2Fv2%2Fcomments&post=519"}],"version-history":[{"count":0,"href":"https:\/\/karchertempclean.com.br\/index.php?rest_route=\/wp\/v2\/product\/519\/revisions"}],"wp:featuredmedia":[{"embeddable":true,"href":"https:\/\/karchertempclean.com.br\/index.php?rest_route=\/wp\/v2\/media\/520"}],"wp:attachment":[{"href":"https:\/\/karchertempclean.com.br\/index.php?rest_route=%2Fwp%2Fv2%2Fmedia&parent=519"}],"wp:term":[{"taxonomy":"product_brand","embeddable":true,"href":"https:\/\/karchertempclean.com.br\/index.php?rest_route=%2Fwp%2Fv2%2Fproduct_brand&post=519"},{"taxonomy":"product_cat","embeddable":true,"href":"https:\/\/karchertempclean.com.br\/index.php?rest_route=%2Fwp%2Fv2%2Fproduct_cat&post=519"},{"taxonomy":"product_tag","embeddable":true,"href":"https:\/\/karchertempclean.com.br\/index.php?rest_route=%2Fwp%2Fv2%2Fproduct_tag&post=519"}],"curies":[{"name":"wp","href":"https:\/\/api.w.org\/{rel}","templated":true}]}}