{"id":511,"date":"2025-02-25T21:36:49","date_gmt":"2025-02-25T21:36:49","guid":{"rendered":"https:\/\/karchertempclean.com.br\/?post_type=product&#038;p=511"},"modified":"2025-02-25T21:36:49","modified_gmt":"2025-02-25T21:36:49","slug":"aspirador-industrial-karcher-ivm-40-24-2","status":"publish","type":"product","link":"https:\/\/karchertempclean.com.br\/?product=aspirador-industrial-karcher-ivm-40-24-2","title":{"rendered":"Aspirador Industrial K\u00e4rcher IVM 40\/24-2"},"content":{"rendered":"<pre id=\"tw-target-text\" class=\"tw-data-text tw-text-large tw-ta\" dir=\"ltr\" data-placeholder=\"Tradu\u00e7\u00e3o\" data-ved=\"2ahUKEwjwgcLv4d-LAxUdrZUCHf_YIHQQ3ewLegQIBxAV\" aria-label=\"Texto traduzido: Dur\u00e1vel, robusto, compacto e m\u00f3vel: nosso aspirador industrial IVM 40\/24-2 de dois motores de classe m\u00e9dia para a absor\u00e7\u00e3o universal de s\u00f3lidos finos e grossos em ambientes industriais. A m\u00e1quina confi\u00e1vel funciona em opera\u00e7\u00e3o monof\u00e1sica e ambos os motores podem ser controlados individualmente. O grande filtro estrela de PTFE na classe de poeira M pode ser limpo de forma f\u00e1cil, confort\u00e1vel e confi\u00e1vel usando o sistema de limpeza do filtro pull and clean e sem a necessidade de desligar o aspirador. O recipiente do filtro e o recipiente coletor da m\u00e1quina s\u00e3o feitos de a\u00e7o inoxid\u00e1vel resistente a \u00e1cidos, enquanto o chassi \u00e9 fabricado em a\u00e7o resistente e possui rodas grandes para facilitar o transporte.\"><span class=\"Y2IQFc\" lang=\"pt\">Dur\u00e1vel, robusto, compacto e m\u00f3vel: nosso aspirador industrial IVM 40\/24-2 de dois motores de classe m\u00e9dia para a absor\u00e7\u00e3o universal de s\u00f3lidos finos e grossos em ambientes industriais. A m\u00e1quina confi\u00e1vel funciona em opera\u00e7\u00e3o monof\u00e1sica e ambos os motores podem ser controlados individualmente. O grande filtro estrela de PTFE na classe de poeira M pode ser limpo de forma f\u00e1cil, confort\u00e1vel e confi\u00e1vel usando o sistema de limpeza do filtro pull and clean e sem a necessidade de desligar o aspirador. O recipiente do filtro e o recipiente coletor da m\u00e1quina s\u00e3o feitos de a\u00e7o inoxid\u00e1vel resistente a \u00e1cidos, enquanto o chassi \u00e9 fabricado em a\u00e7o resistente e possui rodas grandes para facilitar o transporte.<\/span><\/pre>\n","protected":false},"excerpt":{"rendered":"<pre id=\"tw-target-text\" class=\"tw-data-text tw-text-large tw-ta\" dir=\"ltr\" data-placeholder=\"Tradu\u00e7\u00e3o\" data-ved=\"2ahUKEwjwgcLv4d-LAxUdrZUCHf_YIHQQ3ewLegQIBxAV\" aria-label=\"Texto traduzido: Aspirador industrial IVM 40\/24-2 de motor duplo, manobr\u00e1vel e robusto de classe m\u00e9dia para uso universal em aplica\u00e7\u00f5es industriais para materiais s\u00f3lidos finos e grossos. Com filtro estrela de classe de poeira M.\"><span class=\"Y2IQFc\" lang=\"pt\">Aspirador industrial IVM 40\/24-2 de motor duplo, manobr\u00e1vel e robusto de classe m\u00e9dia para uso universal em aplica\u00e7\u00f5es industriais para materiais s\u00f3lidos finos e grossos. Com filtro estrela de classe de poeira M.<\/span><\/pre>\n","protected":false},"featured_media":512,"comment_status":"open","ping_status":"closed","template":"","meta":[],"product_brand":[],"product_cat":[24],"product_tag":[],"class_list":{"0":"post-511","1":"product","2":"type-product","3":"status-publish","4":"has-post-thumbnail","6":"product_cat-aspiradores-industriais","8":"first","9":"instock","10":"shipping-taxable","11":"product-type-simple"},"_links":{"self":[{"href":"https:\/\/karchertempclean.com.br\/index.php?rest_route=\/wp\/v2\/product\/511","targetHints":{"allow":["GET"]}}],"collection":[{"href":"https:\/\/karchertempclean.com.br\/index.php?rest_route=\/wp\/v2\/product"}],"about":[{"href":"https:\/\/karchertempclean.com.br\/index.php?rest_route=\/wp\/v2\/types\/product"}],"replies":[{"embeddable":true,"href":"https:\/\/karchertempclean.com.br\/index.php?rest_route=%2Fwp%2Fv2%2Fcomments&post=511"}],"version-history":[{"count":0,"href":"https:\/\/karchertempclean.com.br\/index.php?rest_route=\/wp\/v2\/product\/511\/revisions"}],"wp:featuredmedia":[{"embeddable":true,"href":"https:\/\/karchertempclean.com.br\/index.php?rest_route=\/wp\/v2\/media\/512"}],"wp:attachment":[{"href":"https:\/\/karchertempclean.com.br\/index.php?rest_route=%2Fwp%2Fv2%2Fmedia&parent=511"}],"wp:term":[{"taxonomy":"product_brand","embeddable":true,"href":"https:\/\/karchertempclean.com.br\/index.php?rest_route=%2Fwp%2Fv2%2Fproduct_brand&post=511"},{"taxonomy":"product_cat","embeddable":true,"href":"https:\/\/karchertempclean.com.br\/index.php?rest_route=%2Fwp%2Fv2%2Fproduct_cat&post=511"},{"taxonomy":"product_tag","embeddable":true,"href":"https:\/\/karchertempclean.com.br\/index.php?rest_route=%2Fwp%2Fv2%2Fproduct_tag&post=511"}],"curies":[{"name":"wp","href":"https:\/\/api.w.org\/{rel}","templated":true}]}}