{"id":509,"date":"2025-02-25T21:34:03","date_gmt":"2025-02-25T21:34:03","guid":{"rendered":"https:\/\/karchertempclean.com.br\/?post_type=product&#038;p=509"},"modified":"2025-02-25T21:34:03","modified_gmt":"2025-02-25T21:34:03","slug":"aspirador-industrial-ivm-40-12-h-z22","status":"publish","type":"product","link":"https:\/\/karchertempclean.com.br\/?product=aspirador-industrial-ivm-40-12-h-z22","title":{"rendered":"Aspirador Industrial IVM 40\/12 H Z22"},"content":{"rendered":"<pre id=\"tw-target-text\" class=\"tw-data-text tw-text-large tw-ta\" dir=\"ltr\" data-placeholder=\"Tradu\u00e7\u00e3o\" data-ved=\"2ahUKEwjwgcLv4d-LAxUdrZUCHf_YIHQQ3ewLegQIBxAV\" aria-label=\"Texto traduzido: Para a aspira\u00e7\u00e3o universal de pequenas e m\u00e9dias quantidades de s\u00f3lidos finos e grossos em ambientes industriais \u2013 na zona ATEX 22: o aspirador industrial IVM 40\/12-1 H Z22 de motor \u00fanico, protegido contra explos\u00e3o, de classe m\u00e9dia com turbina EC. A m\u00e1quina potente e confi\u00e1vel funciona em opera\u00e7\u00e3o monof\u00e1sica, \u00e9 particularmente compacta, robusta e de design dur\u00e1vel, muito m\u00f3vel e manobr\u00e1vel e ideal para aplica\u00e7\u00f5es nas quais certas medidas de seguran\u00e7a devem ser observadas. Gra\u00e7as ao inovador sistema de limpeza do filtro Pull and Clean, o grande filtro estrela da classe de p\u00f3 M pode ser limpo de forma f\u00e1cil e conveniente durante a opera\u00e7\u00e3o. Al\u00e9m disso, o aspirador est\u00e1 equipado com um filtro de cartucho H certificado a jusante com reconhecimento de filtro e, portanto, tamb\u00e9m certificado para classe de p\u00f3 H. O tanque de coleta e o tanque de filtro da m\u00e1quina s\u00e3o feitos de a\u00e7o inoxid\u00e1vel resistente a \u00e1cidos de alta qualidade, enquanto o chassi \u00e9 feito de a\u00e7o dur\u00e1vel.\"><span class=\"Y2IQFc\" lang=\"pt\">Para a aspira\u00e7\u00e3o universal de pequenas e m\u00e9dias quantidades de s\u00f3lidos finos e grossos em ambientes industriais \u2013 na zona ATEX 22: o aspirador industrial IVM 40\/12-1 H Z22 de motor \u00fanico, protegido contra explos\u00e3o, de classe m\u00e9dia com turbina EC. A m\u00e1quina potente e confi\u00e1vel funciona em opera\u00e7\u00e3o monof\u00e1sica, \u00e9 particularmente compacta, robusta e de design dur\u00e1vel, muito m\u00f3vel e manobr\u00e1vel e ideal para aplica\u00e7\u00f5es nas quais certas medidas de seguran\u00e7a devem ser observadas. Gra\u00e7as ao inovador sistema de limpeza do filtro Pull and Clean, o grande filtro estrela da classe de p\u00f3 M pode ser limpo de forma f\u00e1cil e conveniente durante a opera\u00e7\u00e3o. Al\u00e9m disso, o aspirador est\u00e1 equipado com um filtro de cartucho H certificado a jusante com reconhecimento de filtro e, portanto, tamb\u00e9m certificado para classe de p\u00f3 H. O tanque de coleta e o tanque de filtro da m\u00e1quina s\u00e3o feitos de a\u00e7o inoxid\u00e1vel resistente a \u00e1cidos de alta qualidade, enquanto o chassi \u00e9 feito de a\u00e7o dur\u00e1vel.<\/span><\/pre>\n","protected":false},"excerpt":{"rendered":"<pre id=\"tw-target-text\" class=\"tw-data-text tw-text-large tw-ta\" dir=\"ltr\" data-placeholder=\"Tradu\u00e7\u00e3o\" data-ved=\"2ahUKEwjwgcLv4d-LAxUdrZUCHf_YIHQQ3ewLegQIBxAV\" aria-label=\"Texto traduzido: Aspirador industrial m\u00f3vel de classe m\u00e9dia com turbina EC. Adequado para aspira\u00e7\u00e3o segura de s\u00f3lidos finos e grossos na classe de p\u00f3 H e para uso na zona ATEX 22.\"><span class=\"Y2IQFc\" lang=\"pt\">Aspirador industrial m\u00f3vel de classe m\u00e9dia com turbina EC. Adequado para aspira\u00e7\u00e3o segura de s\u00f3lidos finos e grossos na classe de p\u00f3 H e para uso na zona ATEX 22.<\/span><\/pre>\n","protected":false},"featured_media":510,"comment_status":"open","ping_status":"closed","template":"","meta":[],"product_brand":[],"product_cat":[24],"product_tag":[],"class_list":{"0":"post-509","1":"product","2":"type-product","3":"status-publish","4":"has-post-thumbnail","6":"product_cat-aspiradores-industriais","8":"first","9":"instock","10":"shipping-taxable","11":"product-type-simple"},"_links":{"self":[{"href":"https:\/\/karchertempclean.com.br\/index.php?rest_route=\/wp\/v2\/product\/509","targetHints":{"allow":["GET"]}}],"collection":[{"href":"https:\/\/karchertempclean.com.br\/index.php?rest_route=\/wp\/v2\/product"}],"about":[{"href":"https:\/\/karchertempclean.com.br\/index.php?rest_route=\/wp\/v2\/types\/product"}],"replies":[{"embeddable":true,"href":"https:\/\/karchertempclean.com.br\/index.php?rest_route=%2Fwp%2Fv2%2Fcomments&post=509"}],"version-history":[{"count":0,"href":"https:\/\/karchertempclean.com.br\/index.php?rest_route=\/wp\/v2\/product\/509\/revisions"}],"wp:featuredmedia":[{"embeddable":true,"href":"https:\/\/karchertempclean.com.br\/index.php?rest_route=\/wp\/v2\/media\/510"}],"wp:attachment":[{"href":"https:\/\/karchertempclean.com.br\/index.php?rest_route=%2Fwp%2Fv2%2Fmedia&parent=509"}],"wp:term":[{"taxonomy":"product_brand","embeddable":true,"href":"https:\/\/karchertempclean.com.br\/index.php?rest_route=%2Fwp%2Fv2%2Fproduct_brand&post=509"},{"taxonomy":"product_cat","embeddable":true,"href":"https:\/\/karchertempclean.com.br\/index.php?rest_route=%2Fwp%2Fv2%2Fproduct_cat&post=509"},{"taxonomy":"product_tag","embeddable":true,"href":"https:\/\/karchertempclean.com.br\/index.php?rest_route=%2Fwp%2Fv2%2Fproduct_tag&post=509"}],"curies":[{"name":"wp","href":"https:\/\/api.w.org\/{rel}","templated":true}]}}