{"id":505,"date":"2025-02-25T21:32:07","date_gmt":"2025-02-25T21:32:07","guid":{"rendered":"https:\/\/karchertempclean.com.br\/?post_type=product&#038;p=505"},"modified":"2025-02-25T21:32:07","modified_gmt":"2025-02-25T21:32:07","slug":"aspirador-industrial-karcher-ivm-40-12-m-z22","status":"publish","type":"product","link":"https:\/\/karchertempclean.com.br\/?product=aspirador-industrial-karcher-ivm-40-12-m-z22","title":{"rendered":"Aspirador Industrial K\u00e4rcher IVM 40\/12 M Z22"},"content":{"rendered":"<pre id=\"tw-target-text\" class=\"tw-data-text tw-text-large tw-ta\" dir=\"ltr\" data-placeholder=\"Tradu\u00e7\u00e3o\" data-ved=\"2ahUKEwjwgcLv4d-LAxUdrZUCHf_YIHQQ3ewLegQIBxAV\" aria-label=\"Texto traduzido: Aspirador industrial \u00e0 prova de explos\u00e3o IVM 40\/12-1 M Z22 de classe m\u00e9dia, adequado para a aspira\u00e7\u00e3o universal de pequenas e m\u00e9dias quantidades de s\u00f3lidos finos e grossos em ambientes industriais - tamb\u00e9m ideal para uso em \u00e1reas com requisitos rigorosos de higiene e na zona ATEX 22. A m\u00e1quina confi\u00e1vel, dur\u00e1vel, compacta e m\u00f3vel funciona em opera\u00e7\u00e3o monof\u00e1sica, est\u00e1 equipada com uma turbina EC e \u00e9 usada em qualquer aplica\u00e7\u00e3o onde devem ser observadas medidas de seguran\u00e7a espec\u00edficas. Rodas grandes facilitam o transporte para onde for necess\u00e1rio. Gra\u00e7as ao inovador sistema de limpeza do filtro Pull and Clean, o grande filtro estrela da classe de p\u00f3 M pode ser limpo de forma f\u00e1cil e conveniente durante a opera\u00e7\u00e3o. O tanque de coleta e o tanque de filtro s\u00e3o feitos de a\u00e7o inoxid\u00e1vel resistente a \u00e1cidos de alta qualidade, enquanto o chassi \u00e9 feito de a\u00e7o dur\u00e1vel.\"><span class=\"Y2IQFc\" lang=\"pt\">Aspirador industrial \u00e0 prova de explos\u00e3o IVM 40\/12-1 M Z22 de classe m\u00e9dia, adequado para a aspira\u00e7\u00e3o universal de pequenas e m\u00e9dias quantidades de s\u00f3lidos finos e grossos em ambientes industriais - tamb\u00e9m ideal para uso em \u00e1reas com requisitos rigorosos de higiene e na zona ATEX 22. A m\u00e1quina confi\u00e1vel, dur\u00e1vel, compacta e m\u00f3vel funciona em opera\u00e7\u00e3o monof\u00e1sica, est\u00e1 equipada com uma turbina EC e \u00e9 usada em qualquer aplica\u00e7\u00e3o onde devem ser observadas medidas de seguran\u00e7a espec\u00edficas. Rodas grandes facilitam o transporte para onde for necess\u00e1rio. Gra\u00e7as ao inovador sistema de limpeza do filtro Pull and Clean, o grande filtro estrela da classe de p\u00f3 M pode ser limpo de forma f\u00e1cil e conveniente durante a opera\u00e7\u00e3o. O tanque de coleta e o tanque de filtro s\u00e3o feitos de a\u00e7o inoxid\u00e1vel resistente a \u00e1cidos de alta qualidade, enquanto o chassi \u00e9 feito de a\u00e7o dur\u00e1vel.<\/span><\/pre>\n","protected":false},"excerpt":{"rendered":"<pre id=\"tw-target-text\" class=\"tw-data-text tw-text-large tw-ta\" dir=\"ltr\" data-placeholder=\"Tradu\u00e7\u00e3o\" data-ved=\"2ahUKEwjwgcLv4d-LAxUdrZUCHf_YIHQQ3ewLegQIBxAV\" aria-label=\"Texto traduzido: Aspirador industrial m\u00f3vel de classe m\u00e9dia, equipado com filtro estrela de classe M e turbina EC, para aspirar s\u00f3lidos finos e grossos na zona ATEX 22.\"><span class=\"Y2IQFc\" lang=\"pt\">Aspirador industrial m\u00f3vel de classe m\u00e9dia, equipado com filtro estrela de classe M e turbina EC, para aspirar s\u00f3lidos finos e grossos na zona ATEX 22.<\/span><\/pre>\n","protected":false},"featured_media":506,"comment_status":"open","ping_status":"closed","template":"","meta":[],"product_brand":[],"product_cat":[24],"product_tag":[],"class_list":{"0":"post-505","1":"product","2":"type-product","3":"status-publish","4":"has-post-thumbnail","6":"product_cat-aspiradores-industriais","8":"first","9":"instock","10":"shipping-taxable","11":"product-type-simple"},"_links":{"self":[{"href":"https:\/\/karchertempclean.com.br\/index.php?rest_route=\/wp\/v2\/product\/505","targetHints":{"allow":["GET"]}}],"collection":[{"href":"https:\/\/karchertempclean.com.br\/index.php?rest_route=\/wp\/v2\/product"}],"about":[{"href":"https:\/\/karchertempclean.com.br\/index.php?rest_route=\/wp\/v2\/types\/product"}],"replies":[{"embeddable":true,"href":"https:\/\/karchertempclean.com.br\/index.php?rest_route=%2Fwp%2Fv2%2Fcomments&post=505"}],"version-history":[{"count":0,"href":"https:\/\/karchertempclean.com.br\/index.php?rest_route=\/wp\/v2\/product\/505\/revisions"}],"wp:featuredmedia":[{"embeddable":true,"href":"https:\/\/karchertempclean.com.br\/index.php?rest_route=\/wp\/v2\/media\/506"}],"wp:attachment":[{"href":"https:\/\/karchertempclean.com.br\/index.php?rest_route=%2Fwp%2Fv2%2Fmedia&parent=505"}],"wp:term":[{"taxonomy":"product_brand","embeddable":true,"href":"https:\/\/karchertempclean.com.br\/index.php?rest_route=%2Fwp%2Fv2%2Fproduct_brand&post=505"},{"taxonomy":"product_cat","embeddable":true,"href":"https:\/\/karchertempclean.com.br\/index.php?rest_route=%2Fwp%2Fv2%2Fproduct_cat&post=505"},{"taxonomy":"product_tag","embeddable":true,"href":"https:\/\/karchertempclean.com.br\/index.php?rest_route=%2Fwp%2Fv2%2Fproduct_tag&post=505"}],"curies":[{"name":"wp","href":"https:\/\/api.w.org\/{rel}","templated":true}]}}