{"id":501,"date":"2025-02-25T21:27:52","date_gmt":"2025-02-25T21:27:52","guid":{"rendered":"https:\/\/karchertempclean.com.br\/?post_type=product&#038;p=501"},"modified":"2025-02-25T21:27:52","modified_gmt":"2025-02-25T21:27:52","slug":"aspirador-industrial-karcher-ivm-100-55-m-z22","status":"publish","type":"product","link":"https:\/\/karchertempclean.com.br\/?product=aspirador-industrial-karcher-ivm-100-55-m-z22","title":{"rendered":"Aspirador Industrial K\u00e4rcher IVM 100\/55 M Z22"},"content":{"rendered":"<pre id=\"tw-target-text\" class=\"tw-data-text tw-text-large tw-ta\" dir=\"ltr\" data-placeholder=\"Tradu\u00e7\u00e3o\" data-ved=\"2ahUKEwjwgcLv4d-LAxUdrZUCHf_YIHQQ3ewLegQIBxAV\" aria-label=\"Texto traduzido: Para aspirar com seguran\u00e7a grandes quantidades de p\u00f3s perigosos para a sa\u00fade, com certificado de classe de p\u00f3 M e tamb\u00e9m permitido para utiliza\u00e7\u00e3o na Zona Ex 22: o nosso aspirador industrial de superclasse IVS 100\/55 M Z22 com potente soprador de canal lateral de 5,5 kW. A m\u00e1quina altamente eficiente (IE2) \u00e9 adequada para uso cont\u00ednuo estacion\u00e1rio e m\u00f3vel e, gra\u00e7as \u00e0 fun\u00e7\u00e3o de arranque suave integrada, pode at\u00e9 ser operada usando tomadas industriais normais de 16 A. O agitador de filtro horizontal com caixa de engrenagens garante uma limpeza ideal do grande filtro estrela aprovado pela M, enquanto a caixa de engrenagens para transmiss\u00e3o de pot\u00eancia direcionada produz consistentemente resultados de limpeza de filtro igualmente bons, independentemente da quantidade de for\u00e7a aplicada pelo usu\u00e1rio. O mecanismo de assentamento do recipiente de a\u00e7o inoxid\u00e1vel de 100 litros tamb\u00e9m refor\u00e7a a facilidade de utiliza\u00e7\u00e3o da m\u00e1quina. O conceito inteligente \u00e9 complementado por in\u00fameras op\u00e7\u00f5es para armazenar acess\u00f3rios com seguran\u00e7a.\"><span class=\"Y2IQFc\" lang=\"pt\">Para aspirar com seguran\u00e7a grandes quantidades de p\u00f3s perigosos para a sa\u00fade, com certificado de classe de p\u00f3 M e tamb\u00e9m permitido para utiliza\u00e7\u00e3o na Zona Ex 22: o nosso aspirador industrial de superclasse IVM 100\/55 M Z22 com potente soprador de canal lateral de 5,5 kW. A m\u00e1quina altamente eficiente (IE2) \u00e9 adequada para uso cont\u00ednuo estacion\u00e1rio e m\u00f3vel e, gra\u00e7as \u00e0 fun\u00e7\u00e3o de arranque suave integrada, pode at\u00e9 ser operada usando tomadas industriais normais de 16 A. O agitador de filtro horizontal com caixa de engrenagens garante uma limpeza ideal do grande filtro estrela aprovado pela M, enquanto a caixa de engrenagens para transmiss\u00e3o de pot\u00eancia direcionada produz consistentemente resultados de limpeza de filtro igualmente bons, independentemente da quantidade de for\u00e7a aplicada pelo usu\u00e1rio. O mecanismo de assentamento do recipiente de a\u00e7o inoxid\u00e1vel de 100 litros tamb\u00e9m refor\u00e7a a facilidade de utiliza\u00e7\u00e3o da m\u00e1quina. O conceito inteligente \u00e9 complementado por in\u00fameras op\u00e7\u00f5es para armazenar acess\u00f3rios com seguran\u00e7a.<\/span><\/pre>\n","protected":false},"excerpt":{"rendered":"<pre id=\"tw-target-text\" class=\"tw-data-text tw-text-large tw-ta\" dir=\"ltr\" data-placeholder=\"Tradu\u00e7\u00e3o\" data-ved=\"2ahUKEwjwgcLv4d-LAxUdrZUCHf_YIHQQ3ewLegQIBxAV\" aria-label=\"Texto traduzido: O IVS 100\/55 M Z22 \u00e9 um aspirador industrial de alta qualidade com um potente soprador de canal lateral de 5,5 kW para aspirar com seguran\u00e7a grandes quantidades de poeiras potencialmente explosivas da classe M.\"><span class=\"Y2IQFc\" lang=\"pt\">O IVM 100\/55 M Z22 \u00e9 um aspirador industrial de alta qualidade com um potente soprador de canal lateral de 5,5 kW para aspirar com seguran\u00e7a grandes quantidades de poeiras potencialmente explosivas da classe M.<\/span><\/pre>\n","protected":false},"featured_media":502,"comment_status":"open","ping_status":"closed","template":"","meta":[],"product_brand":[],"product_cat":[24],"product_tag":[],"class_list":{"0":"post-501","1":"product","2":"type-product","3":"status-publish","4":"has-post-thumbnail","6":"product_cat-aspiradores-industriais","8":"first","9":"instock","10":"shipping-taxable","11":"product-type-simple"},"_links":{"self":[{"href":"https:\/\/karchertempclean.com.br\/index.php?rest_route=\/wp\/v2\/product\/501","targetHints":{"allow":["GET"]}}],"collection":[{"href":"https:\/\/karchertempclean.com.br\/index.php?rest_route=\/wp\/v2\/product"}],"about":[{"href":"https:\/\/karchertempclean.com.br\/index.php?rest_route=\/wp\/v2\/types\/product"}],"replies":[{"embeddable":true,"href":"https:\/\/karchertempclean.com.br\/index.php?rest_route=%2Fwp%2Fv2%2Fcomments&post=501"}],"version-history":[{"count":0,"href":"https:\/\/karchertempclean.com.br\/index.php?rest_route=\/wp\/v2\/product\/501\/revisions"}],"wp:featuredmedia":[{"embeddable":true,"href":"https:\/\/karchertempclean.com.br\/index.php?rest_route=\/wp\/v2\/media\/502"}],"wp:attachment":[{"href":"https:\/\/karchertempclean.com.br\/index.php?rest_route=%2Fwp%2Fv2%2Fmedia&parent=501"}],"wp:term":[{"taxonomy":"product_brand","embeddable":true,"href":"https:\/\/karchertempclean.com.br\/index.php?rest_route=%2Fwp%2Fv2%2Fproduct_brand&post=501"},{"taxonomy":"product_cat","embeddable":true,"href":"https:\/\/karchertempclean.com.br\/index.php?rest_route=%2Fwp%2Fv2%2Fproduct_cat&post=501"},{"taxonomy":"product_tag","embeddable":true,"href":"https:\/\/karchertempclean.com.br\/index.php?rest_route=%2Fwp%2Fv2%2Fproduct_tag&post=501"}],"curies":[{"name":"wp","href":"https:\/\/api.w.org\/{rel}","templated":true}]}}