{"id":495,"date":"2025-02-25T21:22:19","date_gmt":"2025-02-25T21:22:19","guid":{"rendered":"https:\/\/karchertempclean.com.br\/?post_type=product&#038;p=495"},"modified":"2025-02-25T21:22:20","modified_gmt":"2025-02-25T21:22:20","slug":"aspirador-industrial-karcher-ivm-100-36-3","status":"publish","type":"product","link":"https:\/\/karchertempclean.com.br\/?product=aspirador-industrial-karcher-ivm-100-36-3","title":{"rendered":"Aspirador Industrial K\u00e4rcher IVM 100\/36-3"},"content":{"rendered":"<h2>Dados T\u00e9cnicos<\/h2>\n<div class=\"tabela__medidas\">\n<div class=\"tabela__medidas-container\">\n<ul>\n<li>Modelo: IVM 100\/36-3<\/li>\n<\/ul>\n<ul>\n<li>Tens\u00e3o Monof\u00e1sica (V): 220<\/li>\n<\/ul>\n<ul>\n<li>Pot\u00eancia m\u00e1xima (W): 3.600<\/li>\n<\/ul>\n<ul>\n<li>Vaz\u00e3o (m\u00b3\/h): 799<\/li>\n<\/ul>\n<ul>\n<li>V\u00e1cuo (mbar): 254<\/li>\n<\/ul>\n<ul>\n<li>Reservat\u00f3rio (L): 100<\/li>\n<\/ul>\n<ul>\n<li>Di\u00e2metro da conex\u00e3o: DN70<\/li>\n<\/ul>\n<ul>\n<li>Di\u00e2metro dos acess\u00f3rios: DN50<\/li>\n<\/ul>\n<ul>\n<li>Peso (kg): 75<\/li>\n<\/ul>\n<ul>\n<li>Dimens\u00f5es (mm) (CxLxA): 1020x680x1720 mm<\/li>\n<\/ul>\n<\/div>\n<\/div>\n<p>A seguran\u00e7a desse produto \u00e9 certificada compulsoriamente junto ao INMETRO pelo OCP ICBr &#8211; 0052.<\/p>\n<p>Garantia &#8211; Garantia: 12 meses (3 meses de garantia legal por lei contando a partir da data de emiss\u00e3o da Nota Fiscal de Venda e 9 meses de garantia concedido pelo fabricante contra defeito de fabrica\u00e7\u00e3o).<\/p>\n","protected":false},"excerpt":{"rendered":"<p>Aspirador industrial IVM 100\/36-3 de classe m\u00e9dia, tr\u00eas motores, m\u00f3vel e robusto, para s\u00f3lidos finos e grossos. Com filtro estrela na classe de poeira M.<\/p>\n","protected":false},"featured_media":496,"comment_status":"open","ping_status":"closed","template":"","meta":[],"product_brand":[],"product_cat":[24],"product_tag":[],"class_list":{"0":"post-495","1":"product","2":"type-product","3":"status-publish","4":"has-post-thumbnail","6":"product_cat-aspiradores-industriais","8":"first","9":"instock","10":"shipping-taxable","11":"product-type-simple"},"_links":{"self":[{"href":"https:\/\/karchertempclean.com.br\/index.php?rest_route=\/wp\/v2\/product\/495","targetHints":{"allow":["GET"]}}],"collection":[{"href":"https:\/\/karchertempclean.com.br\/index.php?rest_route=\/wp\/v2\/product"}],"about":[{"href":"https:\/\/karchertempclean.com.br\/index.php?rest_route=\/wp\/v2\/types\/product"}],"replies":[{"embeddable":true,"href":"https:\/\/karchertempclean.com.br\/index.php?rest_route=%2Fwp%2Fv2%2Fcomments&post=495"}],"version-history":[{"count":0,"href":"https:\/\/karchertempclean.com.br\/index.php?rest_route=\/wp\/v2\/product\/495\/revisions"}],"wp:featuredmedia":[{"embeddable":true,"href":"https:\/\/karchertempclean.com.br\/index.php?rest_route=\/wp\/v2\/media\/496"}],"wp:attachment":[{"href":"https:\/\/karchertempclean.com.br\/index.php?rest_route=%2Fwp%2Fv2%2Fmedia&parent=495"}],"wp:term":[{"taxonomy":"product_brand","embeddable":true,"href":"https:\/\/karchertempclean.com.br\/index.php?rest_route=%2Fwp%2Fv2%2Fproduct_brand&post=495"},{"taxonomy":"product_cat","embeddable":true,"href":"https:\/\/karchertempclean.com.br\/index.php?rest_route=%2Fwp%2Fv2%2Fproduct_cat&post=495"},{"taxonomy":"product_tag","embeddable":true,"href":"https:\/\/karchertempclean.com.br\/index.php?rest_route=%2Fwp%2Fv2%2Fproduct_tag&post=495"}],"curies":[{"name":"wp","href":"https:\/\/api.w.org\/{rel}","templated":true}]}}