{"id":359,"date":"2025-02-20T20:13:38","date_gmt":"2025-02-20T20:13:38","guid":{"rendered":"https:\/\/karchertempclean.com.br\/?post_type=product&#038;p=359"},"modified":"2025-02-20T20:13:38","modified_gmt":"2025-02-20T20:13:38","slug":"lavadora-e-secadora-de-piso-karcher-b-300-rl","status":"publish","type":"product","link":"https:\/\/karchertempclean.com.br\/?product=lavadora-e-secadora-de-piso-karcher-b-300-rl","title":{"rendered":"Lavadora e Secadora de Piso Karcher B 300 Rl"},"content":{"rendered":"<h2>Dados T\u00e9cnicos<\/h2>\n<div class=\"tabela__medidas\">\n<div class=\"tabela__medidas-container\">\n<ul>\n<li>Modelo: B 300 RI<\/li>\n<\/ul>\n<ul>\n<li>Acionamento: Bateria<\/li>\n<\/ul>\n<ul>\n<li>Tens\u00e3o (V)(Ah): 12 (80)<\/li>\n<\/ul>\n<ul>\n<li>Largura de trabalho (mm): 1045 &#8211; 1755<\/li>\n<\/ul>\n<ul>\n<li>Largura de suc\u00e7\u00e3o (mm): 1440<\/li>\n<\/ul>\n<ul>\n<li>Velocidade da escova (rpm): 460<\/li>\n<\/ul>\n<ul>\n<li>Tanque de \u00e1gua limpa\/suja (L): 300 \/ 300<\/li>\n<\/ul>\n<ul>\n<li>Reservat\u00f3rio de res\u00edduos s\u00f3lidos (L): 180<\/li>\n<\/ul>\n<ul>\n<li>Motor: GLP 39 KW | Diesel 25 KW<\/li>\n<\/ul>\n<ul>\n<li>Produtividade te\u00f3rica (m\u00b2\/h): 16.550<\/li>\n<\/ul>\n<ul>\n<li>M\u00e1x. velocidade de condu\u00e7\u00e3o (km\/h): 12<\/li>\n<\/ul>\n<ul>\n<li>M\u00e1x. velocidade de trabalho (km\/h): 10<\/li>\n<\/ul>\n<ul>\n<li>Max. declive (%): 16<\/li>\n<\/ul>\n<ul>\n<li>Peso (kg): 1745 | 1750<\/li>\n<\/ul>\n<ul>\n<li>Dimens\u00f5es (mm) (CxLxA): 2400 x 1540 x 1760<\/li>\n<\/ul>\n<\/div>\n<\/div>\n<h2>Garantia<\/h2>\n<p>&#8211; Garantia: 12 meses (3 meses de garantia legal por lei, contando a partir da data de emiss\u00e3o da Nota Fiscal de Venda e 9 meses de garantia concedido pelo fabricante contra defeito de fabrica\u00e7\u00e3o).<\/p>\n","protected":false},"excerpt":{"rendered":"<p>A B 300 RI \u00e9 uma m\u00e1quina hibrida que combina as caracter\u00edsticas tanto de uma varredeira quanto de uma limpadora e secadora de piso, com faixa de limpeza de 1045 mm. Configura\u00e7\u00e3o de varredeira integrada.<\/p>\n<p>Possui duas op\u00e7\u00f5es de motor sendo estes diesel ou GLP. Al\u00e9m disso, a m\u00e1quina \u00e9 equipada com reservat\u00f3rio de coleta de sujeira basculante e a largura de trabalho pode ser estendida at\u00e9 1.755 mil\u00edmetros.<\/p>\n","protected":false},"featured_media":360,"comment_status":"open","ping_status":"closed","template":"","meta":[],"product_brand":[],"product_cat":[21],"product_tag":[],"class_list":{"0":"post-359","1":"product","2":"type-product","3":"status-publish","4":"has-post-thumbnail","6":"product_cat-lavadoras-e-secadoras-de-piso","8":"first","9":"instock","10":"shipping-taxable","11":"product-type-simple"},"_links":{"self":[{"href":"https:\/\/karchertempclean.com.br\/index.php?rest_route=\/wp\/v2\/product\/359","targetHints":{"allow":["GET"]}}],"collection":[{"href":"https:\/\/karchertempclean.com.br\/index.php?rest_route=\/wp\/v2\/product"}],"about":[{"href":"https:\/\/karchertempclean.com.br\/index.php?rest_route=\/wp\/v2\/types\/product"}],"replies":[{"embeddable":true,"href":"https:\/\/karchertempclean.com.br\/index.php?rest_route=%2Fwp%2Fv2%2Fcomments&post=359"}],"version-history":[{"count":0,"href":"https:\/\/karchertempclean.com.br\/index.php?rest_route=\/wp\/v2\/product\/359\/revisions"}],"wp:featuredmedia":[{"embeddable":true,"href":"https:\/\/karchertempclean.com.br\/index.php?rest_route=\/wp\/v2\/media\/360"}],"wp:attachment":[{"href":"https:\/\/karchertempclean.com.br\/index.php?rest_route=%2Fwp%2Fv2%2Fmedia&parent=359"}],"wp:term":[{"taxonomy":"product_brand","embeddable":true,"href":"https:\/\/karchertempclean.com.br\/index.php?rest_route=%2Fwp%2Fv2%2Fproduct_brand&post=359"},{"taxonomy":"product_cat","embeddable":true,"href":"https:\/\/karchertempclean.com.br\/index.php?rest_route=%2Fwp%2Fv2%2Fproduct_cat&post=359"},{"taxonomy":"product_tag","embeddable":true,"href":"https:\/\/karchertempclean.com.br\/index.php?rest_route=%2Fwp%2Fv2%2Fproduct_tag&post=359"}],"curies":[{"name":"wp","href":"https:\/\/api.w.org\/{rel}","templated":true}]}}