{"id":327,"date":"2025-02-20T20:08:25","date_gmt":"2025-02-20T20:08:25","guid":{"rendered":"https:\/\/karchertempclean.com.br\/?post_type=product&#038;p=327"},"modified":"2025-02-20T20:08:25","modified_gmt":"2025-02-20T20:08:25","slug":"lavadora-e-secadora-de-piso-karcher-bd-super","status":"publish","type":"product","link":"https:\/\/karchertempclean.com.br\/?product=lavadora-e-secadora-de-piso-karcher-bd-super","title":{"rendered":"Lavadora e Secadora de Piso Karcher BD Super"},"content":{"rendered":"<h2>Dados T\u00e9cnicos<\/h2>\n<div class=\"tabela__medidas\">\n<div class=\"tabela__medidas-container\">\n<ul>\n<li>Modelo: BD Super<\/li>\n<\/ul>\n<ul>\n<li>Acionamento: Bateria<\/li>\n<\/ul>\n<ul>\n<li>Tens\u00e3o (V): 24<\/li>\n<\/ul>\n<ul>\n<li>Tipo de bateria: Ventilada<\/li>\n<\/ul>\n<ul>\n<li>Produtividade te\u00f3rica\/pr\u00e1tica (m\u00b2\/h) 4.500 \/ 2.700<\/li>\n<\/ul>\n<ul>\n<li>Faixa de trabalho (mm): 750<\/li>\n<\/ul>\n<ul>\n<li>Tanque de \u00e1gua limpa\/suja (L): 120 \/ 120<\/li>\n<\/ul>\n<ul>\n<li>Tipo de cabe\u00e7ote: Disco<\/li>\n<\/ul>\n<ul>\n<li>Autonomia m\u00e9dia (h): 7<\/li>\n<\/ul>\n<ul>\n<li>Peso (kg): 450<\/li>\n<\/ul>\n<ul>\n<li>Dimens\u00f5es (mm) (CxLxA): 1430 x 810 x 1650<\/li>\n<\/ul>\n<\/div>\n<\/div>\n<h2>Garantia<\/h2>\n<p>&#8211; Garantia: 12 meses (3 meses de garantia legal por lei, contando a partir da data de emiss\u00e3o da Nota Fiscal de Venda e 9 meses de garantia concedido pelo fabricante contra defeito de fabrica\u00e7\u00e3o).<\/p>\n","protected":false},"excerpt":{"rendered":"<p>A Lavadora e Secadora de Piso Tripulada Karcher BD Super com operador a bordo \u00e9 movida a bateria com cabe\u00e7otes tipo disco. Possui faixa de limpeza de 750 mm, reservat\u00f3rio de \u00e1gua limpa e suja, ambos com capacidade para 120 litros cada. Indicada para limpeza de pisos planos com m\u00e9dia e baixa sujidade, como hipermercados, centros log\u00edsticos, grandes shopping centers, estacionamentos cobertos, etc.<\/p>\n","protected":false},"featured_media":328,"comment_status":"open","ping_status":"closed","template":"","meta":[],"product_brand":[],"product_cat":[21],"product_tag":[],"class_list":{"0":"post-327","1":"product","2":"type-product","3":"status-publish","4":"has-post-thumbnail","6":"product_cat-lavadoras-e-secadoras-de-piso","8":"first","9":"instock","10":"shipping-taxable","11":"product-type-simple"},"_links":{"self":[{"href":"https:\/\/karchertempclean.com.br\/index.php?rest_route=\/wp\/v2\/product\/327","targetHints":{"allow":["GET"]}}],"collection":[{"href":"https:\/\/karchertempclean.com.br\/index.php?rest_route=\/wp\/v2\/product"}],"about":[{"href":"https:\/\/karchertempclean.com.br\/index.php?rest_route=\/wp\/v2\/types\/product"}],"replies":[{"embeddable":true,"href":"https:\/\/karchertempclean.com.br\/index.php?rest_route=%2Fwp%2Fv2%2Fcomments&post=327"}],"version-history":[{"count":0,"href":"https:\/\/karchertempclean.com.br\/index.php?rest_route=\/wp\/v2\/product\/327\/revisions"}],"wp:featuredmedia":[{"embeddable":true,"href":"https:\/\/karchertempclean.com.br\/index.php?rest_route=\/wp\/v2\/media\/328"}],"wp:attachment":[{"href":"https:\/\/karchertempclean.com.br\/index.php?rest_route=%2Fwp%2Fv2%2Fmedia&parent=327"}],"wp:term":[{"taxonomy":"product_brand","embeddable":true,"href":"https:\/\/karchertempclean.com.br\/index.php?rest_route=%2Fwp%2Fv2%2Fproduct_brand&post=327"},{"taxonomy":"product_cat","embeddable":true,"href":"https:\/\/karchertempclean.com.br\/index.php?rest_route=%2Fwp%2Fv2%2Fproduct_cat&post=327"},{"taxonomy":"product_tag","embeddable":true,"href":"https:\/\/karchertempclean.com.br\/index.php?rest_route=%2Fwp%2Fv2%2Fproduct_tag&post=327"}],"curies":[{"name":"wp","href":"https:\/\/api.w.org\/{rel}","templated":true}]}}