{"id":317,"date":"2025-02-20T20:02:54","date_gmt":"2025-02-20T20:02:54","guid":{"rendered":"https:\/\/karchertempclean.com.br\/?post_type=product&#038;p=317"},"modified":"2025-02-20T20:02:54","modified_gmt":"2025-02-20T20:02:54","slug":"lavadora-e-secadora-de-piso-karcher-bd-flex","status":"publish","type":"product","link":"https:\/\/karchertempclean.com.br\/?product=lavadora-e-secadora-de-piso-karcher-bd-flex","title":{"rendered":"Lavadora e Secadora de Piso Karcher BD Flex"},"content":{"rendered":"<h2>Dados T\u00e9cnicos<\/h2>\n<div class=\"tabela__medidas\">\n<div class=\"tabela__medidas-container\">\n<ul>\n<li>Produtividade te\u00f3rica\/pr\u00e1tica (m\u00b2\/h): 3550 \/ 2010<\/li>\n<\/ul>\n<ul>\n<li>Faixa de trabalho (mm): 1200 mm<\/li>\n<\/ul>\n<ul>\n<li>Faixa de aspira\u00e7\u00e3o (mm): 1030<\/li>\n<\/ul>\n<ul>\n<li>Tanque de \u00e1gua limpa\/suja (L): 75 \/ 75<\/li>\n<\/ul>\n<ul>\n<li>Press\u00e3o de contato da escova<br \/>\n(N): 300 \/ 500<\/li>\n<\/ul>\n<ul>\n<li>Rota\u00e7\u00e3o da escova (rpm): 140<\/li>\n<\/ul>\n<ul>\n<li>Tra\u00e7\u00e3o: sim<\/li>\n<\/ul>\n<ul>\n<li>Tens\u00e3o (V): 24<\/li>\n<\/ul>\n<ul>\n<li>Tipo de Bateria: ventilada<\/li>\n<\/ul>\n<ul>\n<li>Capacidade bateria (Ah): 225 (C20)<\/li>\n<\/ul>\n<ul>\n<li>Autonomia m\u00e9dia (h): 4<\/li>\n<\/ul>\n<ul>\n<li>N\u00edvel de ru\u00eddo (dB(A)): 63<\/li>\n<\/ul>\n<ul>\n<li>Peso com bateria (kg): 252<\/li>\n<\/ul>\n<ul>\n<li>Dimens\u00f5es (C x L x A) (mm): 1500 x 835 x 1065<\/li>\n<\/ul>\n<ul>\n<li>C\u00f3digo bateria (qtde): 9.385-423.0 (04)<\/li>\n<\/ul>\n<ul>\n<li>C\u00f3digo de carregador (tipo): integrado<\/li>\n<\/ul>\n<\/div>\n<h2>Garantia<\/h2>\n<p>&#8211; Garantia: 12 meses (3 meses de garantia legal por lei contando a partir da data de emiss\u00e3o da Nota Fiscal de Venda e 9 meses de garantia concedido pelo fabricante contra defeito de fabrica\u00e7\u00e3o).<\/p><\/div>\n","protected":false},"excerpt":{"rendered":"<p>A BD Flex \u00e9 uma lavadora e secadora de piso com tra\u00e7\u00e3o, robusta e confi\u00e1vel. Foi desenvolvida com foco na simplicidade, confiabilidade e facilidade de uso.<br \/>\nSeu tamanho compacto permite o seu manuseio em \u00e1reas com espa\u00e7o reduzido. Partes de maior desgastes feitas em alum\u00ednio melhorando a vida \u00fatil e disponibilidade do equipamento. Treinamento simplificado e opera\u00e7\u00e3o auto-explicativa minimizando erros.<\/p>\n","protected":false},"featured_media":318,"comment_status":"open","ping_status":"closed","template":"","meta":[],"product_brand":[],"product_cat":[21],"product_tag":[],"class_list":{"0":"post-317","1":"product","2":"type-product","3":"status-publish","4":"has-post-thumbnail","6":"product_cat-lavadoras-e-secadoras-de-piso","8":"first","9":"instock","10":"shipping-taxable","11":"product-type-simple"},"_links":{"self":[{"href":"https:\/\/karchertempclean.com.br\/index.php?rest_route=\/wp\/v2\/product\/317","targetHints":{"allow":["GET"]}}],"collection":[{"href":"https:\/\/karchertempclean.com.br\/index.php?rest_route=\/wp\/v2\/product"}],"about":[{"href":"https:\/\/karchertempclean.com.br\/index.php?rest_route=\/wp\/v2\/types\/product"}],"replies":[{"embeddable":true,"href":"https:\/\/karchertempclean.com.br\/index.php?rest_route=%2Fwp%2Fv2%2Fcomments&post=317"}],"version-history":[{"count":0,"href":"https:\/\/karchertempclean.com.br\/index.php?rest_route=\/wp\/v2\/product\/317\/revisions"}],"wp:featuredmedia":[{"embeddable":true,"href":"https:\/\/karchertempclean.com.br\/index.php?rest_route=\/wp\/v2\/media\/318"}],"wp:attachment":[{"href":"https:\/\/karchertempclean.com.br\/index.php?rest_route=%2Fwp%2Fv2%2Fmedia&parent=317"}],"wp:term":[{"taxonomy":"product_brand","embeddable":true,"href":"https:\/\/karchertempclean.com.br\/index.php?rest_route=%2Fwp%2Fv2%2Fproduct_brand&post=317"},{"taxonomy":"product_cat","embeddable":true,"href":"https:\/\/karchertempclean.com.br\/index.php?rest_route=%2Fwp%2Fv2%2Fproduct_cat&post=317"},{"taxonomy":"product_tag","embeddable":true,"href":"https:\/\/karchertempclean.com.br\/index.php?rest_route=%2Fwp%2Fv2%2Fproduct_tag&post=317"}],"curies":[{"name":"wp","href":"https:\/\/api.w.org\/{rel}","templated":true}]}}