{"id":272,"date":"2025-02-20T19:41:35","date_gmt":"2025-02-20T19:41:35","guid":{"rendered":"https:\/\/karchertempclean.com.br\/?post_type=product&#038;p=272"},"modified":"2025-02-20T19:41:35","modified_gmt":"2025-02-20T19:41:35","slug":"lavadora-e-secadora-de-piso-karcher-bd-50-50-eletrica","status":"publish","type":"product","link":"https:\/\/karchertempclean.com.br\/?product=lavadora-e-secadora-de-piso-karcher-bd-50-50-eletrica","title":{"rendered":"Lavadora e Secadora de Piso Karcher BD 50\/50 (El\u00e9trica)"},"content":{"rendered":"<h2>Dados T\u00e9cnicos<\/h2>\n<div class=\"tabela__medidas\">\n<div class=\"tabela__medidas-container\">\n<ul>\n<li>Modelo: BD 50\/50<\/li>\n<\/ul>\n<ul>\n<li>Acionamento: El\u00e9trica<\/li>\n<\/ul>\n<ul>\n<li>Tens\u00e3o (V): 127 | 220<\/li>\n<\/ul>\n<ul>\n<li>Pot\u00eancia M\u00e1xima (W): 1.250<\/li>\n<\/ul>\n<ul>\n<li>Produtividade te\u00f3rica (m\u00b2\/h): 2.040<\/li>\n<\/ul>\n<ul>\n<li>Faixa de trabalho (mm): 510<\/li>\n<\/ul>\n<ul>\n<li>Press\u00e3o da escova (g\/cm\u00b2): 28,5<\/li>\n<\/ul>\n<ul>\n<li>Velocidade da escova (rpm): 180<\/li>\n<\/ul>\n<ul>\n<li>Tanque de \u00e1gua limpa\/suja (L): 50 \/ 50<\/li>\n<\/ul>\n<ul>\n<li>Tipo de cabe\u00e7ote: Disco<\/li>\n<\/ul>\n<ul>\n<li>N\u00edvel de ru\u00eddo (dB(A)): 66<\/li>\n<\/ul>\n<ul>\n<li>Peso (kg): 134<\/li>\n<\/ul>\n<ul>\n<li>Dimens\u00f5es (mm) (CxLxA): 1185 x 540 x 1000<\/li>\n<\/ul>\n<\/div>\n<\/div>\n<h2>Garantia<\/h2>\n<p>&#8211; Garantia: 18 meses, sendo 3 meses de garantia legal (contando a partir da data de emiss\u00e3o da Nota Fiscal de venda) mais 15 meses de garantia complementar concedido pela K\u00e4rcher contra defeito de fabrica\u00e7\u00e3o atrelado \u00e0s revis\u00f5es do equipamento conforme o manual de revis\u00f5es.<\/p>\n","protected":false},"excerpt":{"rendered":"<p>Limpadora de piso BD 50\/50 C com acionamento el\u00e9trico, equipamento de m\u00e9dio porte ideal para limpeza de manuten\u00e7\u00e3o em pisos planos lisos, sendo indicado para \u00e1reas de at\u00e9 5.000 m\u00b2.<\/p>\n","protected":false},"featured_media":273,"comment_status":"open","ping_status":"closed","template":"","meta":[],"product_brand":[],"product_cat":[21],"product_tag":[],"class_list":{"0":"post-272","1":"product","2":"type-product","3":"status-publish","4":"has-post-thumbnail","6":"product_cat-lavadoras-e-secadoras-de-piso","8":"first","9":"instock","10":"shipping-taxable","11":"product-type-simple"},"_links":{"self":[{"href":"https:\/\/karchertempclean.com.br\/index.php?rest_route=\/wp\/v2\/product\/272","targetHints":{"allow":["GET"]}}],"collection":[{"href":"https:\/\/karchertempclean.com.br\/index.php?rest_route=\/wp\/v2\/product"}],"about":[{"href":"https:\/\/karchertempclean.com.br\/index.php?rest_route=\/wp\/v2\/types\/product"}],"replies":[{"embeddable":true,"href":"https:\/\/karchertempclean.com.br\/index.php?rest_route=%2Fwp%2Fv2%2Fcomments&post=272"}],"version-history":[{"count":0,"href":"https:\/\/karchertempclean.com.br\/index.php?rest_route=\/wp\/v2\/product\/272\/revisions"}],"wp:featuredmedia":[{"embeddable":true,"href":"https:\/\/karchertempclean.com.br\/index.php?rest_route=\/wp\/v2\/media\/273"}],"wp:attachment":[{"href":"https:\/\/karchertempclean.com.br\/index.php?rest_route=%2Fwp%2Fv2%2Fmedia&parent=272"}],"wp:term":[{"taxonomy":"product_brand","embeddable":true,"href":"https:\/\/karchertempclean.com.br\/index.php?rest_route=%2Fwp%2Fv2%2Fproduct_brand&post=272"},{"taxonomy":"product_cat","embeddable":true,"href":"https:\/\/karchertempclean.com.br\/index.php?rest_route=%2Fwp%2Fv2%2Fproduct_cat&post=272"},{"taxonomy":"product_tag","embeddable":true,"href":"https:\/\/karchertempclean.com.br\/index.php?rest_route=%2Fwp%2Fv2%2Fproduct_tag&post=272"}],"curies":[{"name":"wp","href":"https:\/\/api.w.org\/{rel}","templated":true}]}}