{"id":266,"date":"2025-02-20T19:36:40","date_gmt":"2025-02-20T19:36:40","guid":{"rendered":"https:\/\/karchertempclean.com.br\/?post_type=product&#038;p=266"},"modified":"2025-02-20T19:37:17","modified_gmt":"2025-02-20T19:37:17","slug":"lavadora-e-secadora-de-piso-karcher-br-30-4-c","status":"publish","type":"product","link":"https:\/\/karchertempclean.com.br\/?product=lavadora-e-secadora-de-piso-karcher-br-30-4-c","title":{"rendered":"Lavadora e Secadora de Piso Karcher BR 30\/4 C"},"content":{"rendered":"<h2>Dados T\u00e9cnicos<\/h2>\n<div class=\"tabela__medidas\">\n<div class=\"tabela__medidas-container\">\n<ul>\n<li>Modelo: BR 30\/4 C<\/li>\n<\/ul>\n<ul>\n<li>Tens\u00e3o (V): El\u00e9trica ou Bateria<\/li>\n<\/ul>\n<ul>\n<li>Produtividade te\u00f3rica\/pr\u00e1tica (m\u00b2\/h): 200 \/ 100<\/li>\n<\/ul>\n<ul>\n<li>Faixa de trabalho (mm): 300<\/li>\n<\/ul>\n<ul>\n<li>Tanque de \u00e1gua limpa\/suja(L): 4 \/ 4<\/li>\n<\/ul>\n<ul>\n<li>Tipo de cabe\u00e7ote: Rolo<\/li>\n<\/ul>\n<ul>\n<li>Pot\u00eancia do motor (W): 700<\/li>\n<\/ul>\n<ul>\n<li>Press\u00e3o da escova (g\/cm\u00b2): 100<\/li>\n<\/ul>\n<ul>\n<li>Velocidade da escova (rpm): 1.450<\/li>\n<\/ul>\n<ul>\n<li>Consumo de \u00e1gua aprox. (ml\/min): 200<\/li>\n<\/ul>\n<ul>\n<li>N\u00edvel de ru\u00eddo (dB(A)): 72<\/li>\n<\/ul>\n<ul>\n<li>Comprimento do cabo el\u00e9trico (m): 10<\/li>\n<\/ul>\n<ul>\n<li>Peso (com acess\u00f3rios) (kg): 11,5<\/li>\n<\/ul>\n<ul>\n<li>Dimens\u00f5es (mm) (CxLxA): 390 x 335 x 1180<\/li>\n<\/ul>\n<\/div>\n<\/div>\n","protected":false},"excerpt":{"rendered":"<p>Limpadora de piso compacta BR 30\/4 C indicado para pisos diversos. Opera em ambientes com locais de dif\u00edcil acesso e com muitos obst\u00e1culos. Indicado para limpeza \u00e1reas at\u00e9 300 m\u00b2.<\/p>\n","protected":false},"featured_media":269,"comment_status":"open","ping_status":"closed","template":"","meta":[],"product_brand":[],"product_cat":[21],"product_tag":[],"class_list":{"0":"post-266","1":"product","2":"type-product","3":"status-publish","4":"has-post-thumbnail","6":"product_cat-lavadoras-e-secadoras-de-piso","8":"first","9":"instock","10":"shipping-taxable","11":"product-type-simple"},"_links":{"self":[{"href":"https:\/\/karchertempclean.com.br\/index.php?rest_route=\/wp\/v2\/product\/266","targetHints":{"allow":["GET"]}}],"collection":[{"href":"https:\/\/karchertempclean.com.br\/index.php?rest_route=\/wp\/v2\/product"}],"about":[{"href":"https:\/\/karchertempclean.com.br\/index.php?rest_route=\/wp\/v2\/types\/product"}],"replies":[{"embeddable":true,"href":"https:\/\/karchertempclean.com.br\/index.php?rest_route=%2Fwp%2Fv2%2Fcomments&post=266"}],"version-history":[{"count":0,"href":"https:\/\/karchertempclean.com.br\/index.php?rest_route=\/wp\/v2\/product\/266\/revisions"}],"wp:featuredmedia":[{"embeddable":true,"href":"https:\/\/karchertempclean.com.br\/index.php?rest_route=\/wp\/v2\/media\/269"}],"wp:attachment":[{"href":"https:\/\/karchertempclean.com.br\/index.php?rest_route=%2Fwp%2Fv2%2Fmedia&parent=266"}],"wp:term":[{"taxonomy":"product_brand","embeddable":true,"href":"https:\/\/karchertempclean.com.br\/index.php?rest_route=%2Fwp%2Fv2%2Fproduct_brand&post=266"},{"taxonomy":"product_cat","embeddable":true,"href":"https:\/\/karchertempclean.com.br\/index.php?rest_route=%2Fwp%2Fv2%2Fproduct_cat&post=266"},{"taxonomy":"product_tag","embeddable":true,"href":"https:\/\/karchertempclean.com.br\/index.php?rest_route=%2Fwp%2Fv2%2Fproduct_tag&post=266"}],"curies":[{"name":"wp","href":"https:\/\/api.w.org\/{rel}","templated":true}]}}