{"id":250,"date":"2025-02-20T19:32:24","date_gmt":"2025-02-20T19:32:24","guid":{"rendered":"https:\/\/karchertempclean.com.br\/?post_type=product&#038;p=250"},"modified":"2025-02-21T14:24:49","modified_gmt":"2025-02-21T14:24:49","slug":"lavadora-e-secadora-de-piso-karcher-br-45-22-c","status":"publish","type":"product","link":"https:\/\/karchertempclean.com.br\/?product=lavadora-e-secadora-de-piso-karcher-br-45-22-c","title":{"rendered":"Lavadora e Secadora de Piso Karcher BR 45\/22 C"},"content":{"rendered":"<h2>Dados T\u00e9cnicos<\/h2>\n<div class=\"tabela__medidas\">\n<div class=\"tabela__medidas-container\">\n<ul>\n<li>Modelo: BR 45\/22 C<\/li>\n<\/ul>\n<ul>\n<li>Acionamento: Bateria<\/li>\n<\/ul>\n<ul>\n<li>Faixa de trabalho, escovas<br \/>\n(mm): 450<\/li>\n<\/ul>\n<ul>\n<li>Faixa de trabalho, aspira\u00e7\u00e3o<br \/>\n(mm): 500<\/li>\n<\/ul>\n<ul>\n<li>Tens\u00e3o da bateria: El\u00e9trica ou Bateria<\/li>\n<\/ul>\n<ul>\n<li>Produtividade (m\u00b2\/h): 1800<\/li>\n<\/ul>\n<ul>\n<li>Reservat\u00f3rio de \u00e1gua limpa \/ suja (l): 22 \/ 22<\/li>\n<\/ul>\n<ul>\n<li>Press\u00e3o da escova (g\/cm\u00b2): 100 \/ 150<\/li>\n<\/ul>\n<ul>\n<li>Velocidade da escova (rpm): 750 \/ 1050<\/li>\n<\/ul>\n<ul>\n<li>Peso (com acess\u00f3rios) (kg): 51,1<\/li>\n<\/ul>\n<ul>\n<li>Peso (com embalagem) (kg): 57,9<\/li>\n<\/ul>\n<ul>\n<li>Dimens\u00f5es (mm) (CxLxA): 970 x 530 x 1115<\/li>\n<\/ul>\n<\/div>\n<\/div>\n<h2>Garantia<\/h2>\n<p>&#8211; Garantia: 12 meses (3 meses de garantia legal por lei, contando a partir da data de emiss\u00e3o da Nota Fiscal de Venda e 9 meses de garantia concedido pelo fabricante contra defeito de fabrica\u00e7\u00e3o).<\/p>\n","protected":false},"excerpt":{"rendered":"<p>A lavadora BR 45\/22 C funciona a bateria e possui cabe\u00e7ote girat\u00f3riO para m\u00e1xima manobrabilidade em \u00e1reas pequenas e estreitas.<\/p>\n","protected":false},"featured_media":416,"comment_status":"open","ping_status":"closed","template":"","meta":[],"product_brand":[],"product_cat":[21],"product_tag":[],"class_list":{"0":"post-250","1":"product","2":"type-product","3":"status-publish","4":"has-post-thumbnail","6":"product_cat-lavadoras-e-secadoras-de-piso","8":"first","9":"instock","10":"shipping-taxable","11":"product-type-simple"},"_links":{"self":[{"href":"https:\/\/karchertempclean.com.br\/index.php?rest_route=\/wp\/v2\/product\/250","targetHints":{"allow":["GET"]}}],"collection":[{"href":"https:\/\/karchertempclean.com.br\/index.php?rest_route=\/wp\/v2\/product"}],"about":[{"href":"https:\/\/karchertempclean.com.br\/index.php?rest_route=\/wp\/v2\/types\/product"}],"replies":[{"embeddable":true,"href":"https:\/\/karchertempclean.com.br\/index.php?rest_route=%2Fwp%2Fv2%2Fcomments&post=250"}],"version-history":[{"count":0,"href":"https:\/\/karchertempclean.com.br\/index.php?rest_route=\/wp\/v2\/product\/250\/revisions"}],"wp:featuredmedia":[{"embeddable":true,"href":"https:\/\/karchertempclean.com.br\/index.php?rest_route=\/wp\/v2\/media\/416"}],"wp:attachment":[{"href":"https:\/\/karchertempclean.com.br\/index.php?rest_route=%2Fwp%2Fv2%2Fmedia&parent=250"}],"wp:term":[{"taxonomy":"product_brand","embeddable":true,"href":"https:\/\/karchertempclean.com.br\/index.php?rest_route=%2Fwp%2Fv2%2Fproduct_brand&post=250"},{"taxonomy":"product_cat","embeddable":true,"href":"https:\/\/karchertempclean.com.br\/index.php?rest_route=%2Fwp%2Fv2%2Fproduct_cat&post=250"},{"taxonomy":"product_tag","embeddable":true,"href":"https:\/\/karchertempclean.com.br\/index.php?rest_route=%2Fwp%2Fv2%2Fproduct_tag&post=250"}],"curies":[{"name":"wp","href":"https:\/\/api.w.org\/{rel}","templated":true}]}}