{"id":1004,"date":"2025-03-01T12:45:44","date_gmt":"2025-03-01T12:45:44","guid":{"rendered":"https:\/\/karchertempclean.com.br\/?page_id=1004"},"modified":"2025-03-01T14:37:22","modified_gmt":"2025-03-01T14:37:22","slug":"manutencao-karcher","status":"publish","type":"page","link":"https:\/\/karchertempclean.com.br\/?page_id=1004","title":{"rendered":"Manuten\u00e7\u00e3o K\u00e4rcher"},"content":{"rendered":"\t\t<div data-elementor-type=\"wp-page\" data-elementor-id=\"1004\" class=\"elementor elementor-1004\" data-elementor-post-type=\"page\">\n\t\t\t\t<div class=\"elementor-element elementor-element-b95545a elementor-hidden-mobile e-flex e-con-boxed e-con e-parent\" data-id=\"b95545a\" data-element_type=\"container\" data-settings=\"{&quot;background_background&quot;:&quot;classic&quot;}\">\n\t\t\t\t\t<div class=\"e-con-inner\">\n\t\t\t\t<div class=\"elementor-element elementor-element-031fbef elementor-widget elementor-widget-heading\" data-id=\"031fbef\" data-element_type=\"widget\" data-widget_type=\"heading.default\">\n\t\t\t\t<div class=\"elementor-widget-container\">\n\t\t\t\t\t<h2 class=\"elementor-heading-title elementor-size-default\"><br>MANUTEN\u00c7\u00c3O K\u00c4RCHER<br><br><font face=\"Roboto, sans-serif\"><span style=\"font-size: 16px;font-weight: 400\">T\u00e9cnicos de servi\u00e7o da K\u00e4rcher s\u00e3o, sem exce\u00e7\u00e3o, profissionais treinados e qualificados para dar manuten\u00e7\u00e3o \u00e0 todas as m\u00e1quinas da K\u00e4rcher.<br><\/span><\/font><font face=\"Roboto, sans-serif\"><span style=\"font-size: 16px;font-weight: 400\">As inspe\u00e7\u00f5es, manuten\u00e7\u00f5es e reparos s\u00e3o realizados no local, de forma regular, confi\u00e1vel e com todo o cuidado que sua m\u00e1quina K\u00e4rcher merece.<\/span><\/font><\/h2>\t\t\t\t<\/div>\n\t\t\t\t<\/div>\n\t\t\t\t\t<\/div>\n\t\t\t\t<\/div>\n\t\t<div class=\"elementor-element elementor-element-baf5850 elementor-hidden-desktop elementor-hidden-tablet e-flex e-con-boxed e-con e-parent\" data-id=\"baf5850\" data-element_type=\"container\" data-settings=\"{&quot;background_background&quot;:&quot;classic&quot;}\">\n\t\t\t\t\t<div class=\"e-con-inner\">\n\t\t\t\t<div class=\"elementor-element elementor-element-1759e21 elementor-widget elementor-widget-heading\" data-id=\"1759e21\" data-element_type=\"widget\" data-widget_type=\"heading.default\">\n\t\t\t\t<div class=\"elementor-widget-container\">\n\t\t\t\t\t<h2 class=\"elementor-heading-title elementor-size-default\"><br>MANUTEN\u00c7\u00c3O K\u00c4RCHER<br><br><font face=\"Roboto, sans-serif\"><span style=\"font-size: 16px;font-weight: 400\">T\u00e9cnicos de servi\u00e7o da K\u00e4rcher s\u00e3o, sem exce\u00e7\u00e3o, profissionais treinados e qualificados para dar manuten\u00e7\u00e3o \u00e0 todas as m\u00e1quinas da K\u00e4rcher.<\/span><\/font><div style=\"text-align: justify\"><br><\/div><div style=\"text-align: justify\"><font face=\"Roboto, sans-serif\"><span style=\"font-size: 16px;font-weight: 400\">As inspe\u00e7\u00f5es, manuten\u00e7\u00f5es e reparos s\u00e3o realizados no local, de forma regular, confi\u00e1vel e com todo o cuidado que sua m\u00e1quina K\u00e4rcher merece.<\/span><\/font><\/div><\/h2>\t\t\t\t<\/div>\n\t\t\t\t<\/div>\n\t\t\t\t\t<\/div>\n\t\t\t\t<\/div>\n\t\t<div class=\"elementor-element elementor-element-a083b51 e-flex e-con-boxed e-con e-parent\" data-id=\"a083b51\" data-element_type=\"container\">\n\t\t\t\t\t<div class=\"e-con-inner\">\n\t\t\t\t<div class=\"elementor-element elementor-element-2d4f702 elementor-widget elementor-widget-spacer\" data-id=\"2d4f702\" data-element_type=\"widget\" data-widget_type=\"spacer.default\">\n\t\t\t\t<div class=\"elementor-widget-container\">\n\t\t\t\t\t\t\t<div class=\"elementor-spacer\">\n\t\t\t<div class=\"elementor-spacer-inner\"><\/div>\n\t\t<\/div>\n\t\t\t\t\t\t<\/div>\n\t\t\t\t<\/div>\n\t\t\t\t\t<\/div>\n\t\t\t\t<\/div>\n\t\t<div class=\"elementor-element elementor-element-ba2389e e-flex e-con-boxed e-con e-parent\" data-id=\"ba2389e\" data-element_type=\"container\">\n\t\t\t\t\t<div class=\"e-con-inner\">\n\t\t\t\t<div class=\"elementor-element elementor-element-e5619d6 elementor-widget elementor-widget-html\" data-id=\"e5619d6\" data-element_type=\"widget\" data-widget_type=\"html.default\">\n\t\t\t\t<div class=\"elementor-widget-container\">\n\t\t\t\t\t<!DOCTYPE html>\r\n<html lang=\"pt-br\">\r\n<head>\r\n    <meta charset=\"UTF-8\">\r\n    <meta name=\"viewport\" content=\"width=device-width, initial-scale=1.0\">\r\n    <title>Bot\u00e3o WhatsApp<\/title>\r\n    <style>\r\n        \/* Estilizando o bot\u00e3o flutuante *\/\r\n        .whatsapp-button {\r\n            position: fixed;\r\n            bottom: 20px;\r\n            right: 20px;\r\n            background-color: #25d366;\r\n            color: white;\r\n            width: 60px;\r\n            height: 60px;\r\n            border-radius: 50%;\r\n            display: flex;\r\n            justify-content: center;\r\n            align-items: center;\r\n            box-shadow: 0px 4px 10px rgba(0, 0, 0, 0.3);\r\n            transition: transform 0.3s ease;\r\n            z-index: 1000;\r\n        }\r\n\r\n        .whatsapp-button:hover {\r\n            transform: scale(1.1);\r\n        }\r\n\r\n        .whatsapp-button img {\r\n            width: 35px;\r\n            height: 35px;\r\n        }\r\n    <\/style>\r\n<\/head>\r\n<body>\r\n\r\n    <!-- Bot\u00e3o do WhatsApp -->\r\n    <a href=\"https:\/\/wa.me\/558496900067\" class=\"whatsapp-button\" target=\"_blank\">\r\n        <img decoding=\"async\" src=\"https:\/\/cdn-icons-png.flaticon.com\/512\/220\/220236.png\" alt=\"WhatsApp\">\r\n    <\/a>\r\n\r\n<\/body>\r\n<\/html>\r\n\t\t\t\t<\/div>\n\t\t\t\t<\/div>\n\t\t\t\t<div class=\"elementor-element elementor-element-b7aa79d elementor-widget elementor-widget-spacer\" data-id=\"b7aa79d\" data-element_type=\"widget\" data-widget_type=\"spacer.default\">\n\t\t\t\t<div class=\"elementor-widget-container\">\n\t\t\t\t\t\t\t<div class=\"elementor-spacer\">\n\t\t\t<div class=\"elementor-spacer-inner\"><\/div>\n\t\t<\/div>\n\t\t\t\t\t\t<\/div>\n\t\t\t\t<\/div>\n\t\t\t\t\t<\/div>\n\t\t\t\t<\/div>\n\t\t<div class=\"elementor-element elementor-element-6c32281 elementor-hidden-mobile e-flex e-con-boxed e-con e-parent\" data-id=\"6c32281\" data-element_type=\"container\" data-settings=\"{&quot;background_background&quot;:&quot;classic&quot;}\">\n\t\t\t\t\t<div class=\"e-con-inner\">\n\t\t\t\t<div class=\"elementor-element elementor-element-b7483df elementor-widget elementor-widget-heading\" data-id=\"b7483df\" data-element_type=\"widget\" data-widget_type=\"heading.default\">\n\t\t\t\t<div class=\"elementor-widget-container\">\n\t\t\t\t\t<h2 class=\"elementor-heading-title elementor-size-default\">SOLICITE ATENDIMENTO<\/h2>\t\t\t\t<\/div>\n\t\t\t\t<\/div>\n\t\t\t\t\t<\/div>\n\t\t\t\t<\/div>\n\t\t<div class=\"elementor-element elementor-element-8d089ba elementor-hidden-mobile e-flex e-con-boxed e-con e-parent\" data-id=\"8d089ba\" data-element_type=\"container\">\n\t\t\t\t\t<div class=\"e-con-inner\">\n\t\t<div class=\"elementor-element elementor-element-7340fd1 e-con-full e-flex e-con e-child\" data-id=\"7340fd1\" data-element_type=\"container\">\n\t\t\t\t<div class=\"elementor-element elementor-element-43cb5d3 elementor-widget elementor-widget-image\" data-id=\"43cb5d3\" data-element_type=\"widget\" data-widget_type=\"image.default\">\n\t\t\t\t<div class=\"elementor-widget-container\">\n\t\t\t\t\t\t\t\t\t\t\t\t\t\t\t<img fetchpriority=\"high\" decoding=\"async\" width=\"800\" height=\"400\" src=\"https:\/\/karchertempclean.com.br\/wp-content\/uploads\/2025\/03\/menu_servicos_profissional-1.png\" class=\"attachment-full size-full wp-image-1006\" alt=\"\" srcset=\"https:\/\/karchertempclean.com.br\/wp-content\/uploads\/2025\/03\/menu_servicos_profissional-1.png 800w, https:\/\/karchertempclean.com.br\/wp-content\/uploads\/2025\/03\/menu_servicos_profissional-1-600x300.png 600w, https:\/\/karchertempclean.com.br\/wp-content\/uploads\/2025\/03\/menu_servicos_profissional-1-300x150.png 300w, https:\/\/karchertempclean.com.br\/wp-content\/uploads\/2025\/03\/menu_servicos_profissional-1-768x384.png 768w\" sizes=\"(max-width: 800px) 100vw, 800px\" \/>\t\t\t\t\t\t\t\t\t\t\t\t\t\t\t<\/div>\n\t\t\t\t<\/div>\n\t\t\t\t<\/div>\n\t\t<div class=\"elementor-element elementor-element-803d7cf e-con-full e-flex e-con e-child\" data-id=\"803d7cf\" data-element_type=\"container\">\n\t\t\t\t<div class=\"elementor-element elementor-element-595766e elementor-button-align-stretch elementor-widget elementor-widget-form\" data-id=\"595766e\" data-element_type=\"widget\" data-settings=\"{&quot;step_next_label&quot;:&quot;Pr\\u00f3ximo&quot;,&quot;step_previous_label&quot;:&quot;Anterior&quot;,&quot;button_width&quot;:&quot;100&quot;,&quot;step_type&quot;:&quot;number_text&quot;,&quot;step_icon_shape&quot;:&quot;circle&quot;}\" data-widget_type=\"form.default\">\n\t\t\t\t<div class=\"elementor-widget-container\">\n\t\t\t\t\t\t\t<form class=\"elementor-form\" method=\"post\" name=\"Manuten\u00e7\u00e3o\">\n\t\t\t<input type=\"hidden\" name=\"post_id\" value=\"1004\"\/>\n\t\t\t<input type=\"hidden\" name=\"form_id\" value=\"595766e\"\/>\n\t\t\t<input type=\"hidden\" name=\"referer_title\" value=\"Manuten\u00e7\u00e3o K\u00e4rcher\" \/>\n\n\t\t\t\t\t\t\t<input type=\"hidden\" name=\"queried_id\" value=\"1004\"\/>\n\t\t\t\n\t\t\t<div class=\"elementor-form-fields-wrapper elementor-labels-above\">\n\t\t\t\t\t\t\t\t<div class=\"elementor-field-type-text elementor-field-group elementor-column elementor-field-group-name elementor-col-100 elementor-field-required elementor-mark-required\">\n\t\t\t\t\t\t\t\t\t\t\t\t<label for=\"form-field-name\" class=\"elementor-field-label\">\n\t\t\t\t\t\t\t\tNome\t\t\t\t\t\t\t<\/label>\n\t\t\t\t\t\t\t\t\t\t\t\t\t\t<input size=\"1\" type=\"text\" name=\"form_fields[name]\" id=\"form-field-name\" class=\"elementor-field elementor-size-md  elementor-field-textual\" placeholder=\"Nome\" required=\"required\">\n\t\t\t\t\t\t\t\t\t\t\t<\/div>\n\t\t\t\t\t\t\t\t<div class=\"elementor-field-type-tel elementor-field-group elementor-column elementor-field-group-field_7a5e907 elementor-col-100 elementor-field-required elementor-mark-required\">\n\t\t\t\t\t\t\t\t\t\t\t\t<label for=\"form-field-field_7a5e907\" class=\"elementor-field-label\">\n\t\t\t\t\t\t\t\tContato\t\t\t\t\t\t\t<\/label>\n\t\t\t\t\t\t\t\t<input size=\"1\" type=\"tel\" name=\"form_fields[field_7a5e907]\" id=\"form-field-field_7a5e907\" class=\"elementor-field elementor-size-md  elementor-field-textual\" placeholder=\"Telefone\" required=\"required\" pattern=\"[0-9()#&amp;+*-=.]+\" title=\"Apenas n\u00fameros e caracteres de telefone (#, -, *, etc.) s\u00e3o aceitos.\">\n\n\t\t\t\t\t\t<\/div>\n\t\t\t\t\t\t\t\t<div class=\"elementor-field-type-email elementor-field-group elementor-column elementor-field-group-email elementor-col-100 elementor-field-required elementor-mark-required\">\n\t\t\t\t\t\t\t\t\t\t\t\t<label for=\"form-field-email\" class=\"elementor-field-label\">\n\t\t\t\t\t\t\t\tE-mail\t\t\t\t\t\t\t<\/label>\n\t\t\t\t\t\t\t\t\t\t\t\t\t\t<input size=\"1\" type=\"email\" name=\"form_fields[email]\" id=\"form-field-email\" class=\"elementor-field elementor-size-md  elementor-field-textual\" placeholder=\"E-mail\" required=\"required\">\n\t\t\t\t\t\t\t\t\t\t\t<\/div>\n\t\t\t\t\t\t\t\t<div class=\"elementor-field-type-textarea elementor-field-group elementor-column elementor-field-group-message elementor-col-100 elementor-field-required elementor-mark-required\">\n\t\t\t\t\t\t\t\t\t\t\t\t<label for=\"form-field-message\" class=\"elementor-field-label\">\n\t\t\t\t\t\t\t\tMensagem\t\t\t\t\t\t\t<\/label>\n\t\t\t\t\t\t<textarea class=\"elementor-field-textual elementor-field  elementor-size-md\" name=\"form_fields[message]\" id=\"form-field-message\" rows=\"4\" placeholder=\"Mensagem\" required=\"required\"><\/textarea>\t\t\t\t<\/div>\n\t\t\t\t\t\t\t\t<div class=\"elementor-field-group elementor-column elementor-field-type-submit elementor-col-100 e-form__buttons\">\n\t\t\t\t\t<button class=\"elementor-button elementor-size-md\" type=\"submit\">\n\t\t\t\t\t\t<span class=\"elementor-button-content-wrapper\">\n\t\t\t\t\t\t\t\t\t\t\t\t\t\t\t\t\t\t\t\t\t\t<span class=\"elementor-button-text\">Enviar<\/span>\n\t\t\t\t\t\t\t\t\t\t\t\t\t<\/span>\n\t\t\t\t\t<\/button>\n\t\t\t\t<\/div>\n\t\t\t<\/div>\n\t\t<\/form>\n\t\t\t\t\t\t<\/div>\n\t\t\t\t<\/div>\n\t\t\t\t<\/div>\n\t\t\t\t\t<\/div>\n\t\t\t\t<\/div>\n\t\t<div class=\"elementor-element elementor-element-04362a3 elementor-hidden-desktop elementor-hidden-tablet e-flex e-con-boxed e-con e-parent\" data-id=\"04362a3\" data-element_type=\"container\" data-settings=\"{&quot;background_background&quot;:&quot;classic&quot;}\">\n\t\t\t\t\t<div class=\"e-con-inner\">\n\t\t\t\t<div class=\"elementor-element elementor-element-789fc7a elementor-widget elementor-widget-heading\" data-id=\"789fc7a\" data-element_type=\"widget\" data-widget_type=\"heading.default\">\n\t\t\t\t<div class=\"elementor-widget-container\">\n\t\t\t\t\t<h2 class=\"elementor-heading-title elementor-size-default\">SOLICITE ATENDIMENTO<\/h2>\t\t\t\t<\/div>\n\t\t\t\t<\/div>\n\t\t\t\t\t<\/div>\n\t\t\t\t<\/div>\n\t\t<div class=\"elementor-element elementor-element-779df24 elementor-hidden-desktop elementor-hidden-tablet e-flex e-con-boxed e-con e-parent\" data-id=\"779df24\" data-element_type=\"container\" data-settings=\"{&quot;background_background&quot;:&quot;slideshow&quot;,&quot;background_slideshow_gallery&quot;:[{&quot;id&quot;:1006,&quot;url&quot;:&quot;https:\\\/\\\/karchertempclean.com.br\\\/wp-content\\\/uploads\\\/2025\\\/03\\\/menu_servicos_profissional-1.png&quot;}],&quot;background_slideshow_slide_duration&quot;:5000,&quot;background_slideshow_slide_transition&quot;:&quot;fade&quot;,&quot;background_slideshow_transition_duration&quot;:500}\">\n\t\t\t\t\t<div class=\"e-con-inner\">\n\t\t\t\t\t<\/div>\n\t\t\t\t<\/div>\n\t\t<div class=\"elementor-element elementor-element-b60d534 e-con-full elementor-hidden-desktop elementor-hidden-tablet e-flex e-con e-child\" data-id=\"b60d534\" data-element_type=\"container\">\n\t\t\t\t<div class=\"elementor-element elementor-element-2334a69 elementor-button-align-stretch elementor-widget elementor-widget-form\" data-id=\"2334a69\" data-element_type=\"widget\" data-settings=\"{&quot;step_next_label&quot;:&quot;Pr\\u00f3ximo&quot;,&quot;step_previous_label&quot;:&quot;Anterior&quot;,&quot;button_width&quot;:&quot;100&quot;,&quot;step_type&quot;:&quot;number_text&quot;,&quot;step_icon_shape&quot;:&quot;circle&quot;}\" data-widget_type=\"form.default\">\n\t\t\t\t<div class=\"elementor-widget-container\">\n\t\t\t\t\t\t\t<form class=\"elementor-form\" method=\"post\" name=\"Manuten\u00e7\u00e3o\">\n\t\t\t<input type=\"hidden\" name=\"post_id\" value=\"1004\"\/>\n\t\t\t<input type=\"hidden\" name=\"form_id\" value=\"2334a69\"\/>\n\t\t\t<input type=\"hidden\" name=\"referer_title\" value=\"Manuten\u00e7\u00e3o K\u00e4rcher\" \/>\n\n\t\t\t\t\t\t\t<input type=\"hidden\" name=\"queried_id\" value=\"1004\"\/>\n\t\t\t\n\t\t\t<div class=\"elementor-form-fields-wrapper elementor-labels-above\">\n\t\t\t\t\t\t\t\t<div class=\"elementor-field-type-text elementor-field-group elementor-column elementor-field-group-name elementor-col-100 elementor-field-required elementor-mark-required\">\n\t\t\t\t\t\t\t\t\t\t\t\t<label for=\"form-field-name\" class=\"elementor-field-label\">\n\t\t\t\t\t\t\t\tNome\t\t\t\t\t\t\t<\/label>\n\t\t\t\t\t\t\t\t\t\t\t\t\t\t<input size=\"1\" type=\"text\" name=\"form_fields[name]\" id=\"form-field-name\" class=\"elementor-field elementor-size-md  elementor-field-textual\" placeholder=\"Nome\" required=\"required\">\n\t\t\t\t\t\t\t\t\t\t\t<\/div>\n\t\t\t\t\t\t\t\t<div class=\"elementor-field-type-tel elementor-field-group elementor-column elementor-field-group-field_7a5e907 elementor-col-100 elementor-field-required elementor-mark-required\">\n\t\t\t\t\t\t\t\t\t\t\t\t<label for=\"form-field-field_7a5e907\" class=\"elementor-field-label\">\n\t\t\t\t\t\t\t\tContato\t\t\t\t\t\t\t<\/label>\n\t\t\t\t\t\t\t\t<input size=\"1\" type=\"tel\" name=\"form_fields[field_7a5e907]\" id=\"form-field-field_7a5e907\" class=\"elementor-field elementor-size-md  elementor-field-textual\" placeholder=\"Telefone\" required=\"required\" pattern=\"[0-9()#&amp;+*-=.]+\" title=\"Apenas n\u00fameros e caracteres de telefone (#, -, *, etc.) s\u00e3o aceitos.\">\n\n\t\t\t\t\t\t<\/div>\n\t\t\t\t\t\t\t\t<div class=\"elementor-field-type-email elementor-field-group elementor-column elementor-field-group-email elementor-col-100 elementor-field-required elementor-mark-required\">\n\t\t\t\t\t\t\t\t\t\t\t\t<label for=\"form-field-email\" class=\"elementor-field-label\">\n\t\t\t\t\t\t\t\tE-mail\t\t\t\t\t\t\t<\/label>\n\t\t\t\t\t\t\t\t\t\t\t\t\t\t<input size=\"1\" type=\"email\" name=\"form_fields[email]\" id=\"form-field-email\" class=\"elementor-field elementor-size-md  elementor-field-textual\" placeholder=\"E-mail\" required=\"required\">\n\t\t\t\t\t\t\t\t\t\t\t<\/div>\n\t\t\t\t\t\t\t\t<div class=\"elementor-field-type-textarea elementor-field-group elementor-column elementor-field-group-message elementor-col-100 elementor-field-required elementor-mark-required\">\n\t\t\t\t\t\t\t\t\t\t\t\t<label for=\"form-field-message\" class=\"elementor-field-label\">\n\t\t\t\t\t\t\t\tMensagem\t\t\t\t\t\t\t<\/label>\n\t\t\t\t\t\t<textarea class=\"elementor-field-textual elementor-field  elementor-size-md\" name=\"form_fields[message]\" id=\"form-field-message\" rows=\"4\" placeholder=\"Mensagem\" required=\"required\"><\/textarea>\t\t\t\t<\/div>\n\t\t\t\t\t\t\t\t<div class=\"elementor-field-group elementor-column elementor-field-type-submit elementor-col-100 e-form__buttons\">\n\t\t\t\t\t<button class=\"elementor-button elementor-size-md\" type=\"submit\">\n\t\t\t\t\t\t<span class=\"elementor-button-content-wrapper\">\n\t\t\t\t\t\t\t\t\t\t\t\t\t\t\t\t\t\t\t\t\t\t<span class=\"elementor-button-text\">Enviar<\/span>\n\t\t\t\t\t\t\t\t\t\t\t\t\t<\/span>\n\t\t\t\t\t<\/button>\n\t\t\t\t<\/div>\n\t\t\t<\/div>\n\t\t<\/form>\n\t\t\t\t\t\t<\/div>\n\t\t\t\t<\/div>\n\t\t\t\t<\/div>\n\t\t<div class=\"elementor-element elementor-element-dd7c07c e-flex e-con-boxed e-con e-parent\" data-id=\"dd7c07c\" data-element_type=\"container\">\n\t\t\t\t\t<div class=\"e-con-inner\">\n\t\t\t\t<div class=\"elementor-element elementor-element-c2109d9 elementor-widget elementor-widget-spacer\" data-id=\"c2109d9\" data-element_type=\"widget\" data-widget_type=\"spacer.default\">\n\t\t\t\t<div class=\"elementor-widget-container\">\n\t\t\t\t\t\t\t<div class=\"elementor-spacer\">\n\t\t\t<div class=\"elementor-spacer-inner\"><\/div>\n\t\t<\/div>\n\t\t\t\t\t\t<\/div>\n\t\t\t\t<\/div>\n\t\t\t\t\t<\/div>\n\t\t\t\t<\/div>\n\t\t\t\t<\/div>\n\t\t","protected":false},"excerpt":{"rendered":"<p>MANUTEN\u00c7\u00c3O K\u00c4RCHER T\u00e9cnicos de servi\u00e7o da K\u00e4rcher s\u00e3o, sem exce\u00e7\u00e3o, profissionais treinados e qualificados para dar manuten\u00e7\u00e3o \u00e0 todas as m\u00e1quinas da K\u00e4rcher.As inspe\u00e7\u00f5es, manuten\u00e7\u00f5es e reparos s\u00e3o realizados no local, de forma regular, confi\u00e1vel e com todo o cuidado que sua m\u00e1quina K\u00e4rcher merece. MANUTEN\u00c7\u00c3O K\u00c4RCHER T\u00e9cnicos de servi\u00e7o da K\u00e4rcher s\u00e3o, sem exce\u00e7\u00e3o, [&hellip;]<\/p>\n","protected":false},"author":1,"featured_media":0,"parent":0,"menu_order":0,"comment_status":"closed","ping_status":"closed","template":"","meta":{"footnotes":""},"class_list":["post-1004","page","type-page","status-publish","hentry"],"_links":{"self":[{"href":"https:\/\/karchertempclean.com.br\/index.php?rest_route=\/wp\/v2\/pages\/1004","targetHints":{"allow":["GET"]}}],"collection":[{"href":"https:\/\/karchertempclean.com.br\/index.php?rest_route=\/wp\/v2\/pages"}],"about":[{"href":"https:\/\/karchertempclean.com.br\/index.php?rest_route=\/wp\/v2\/types\/page"}],"author":[{"embeddable":true,"href":"https:\/\/karchertempclean.com.br\/index.php?rest_route=\/wp\/v2\/users\/1"}],"replies":[{"embeddable":true,"href":"https:\/\/karchertempclean.com.br\/index.php?rest_route=%2Fwp%2Fv2%2Fcomments&post=1004"}],"version-history":[{"count":56,"href":"https:\/\/karchertempclean.com.br\/index.php?rest_route=\/wp\/v2\/pages\/1004\/revisions"}],"predecessor-version":[{"id":1289,"href":"https:\/\/karchertempclean.com.br\/index.php?rest_route=\/wp\/v2\/pages\/1004\/revisions\/1289"}],"wp:attachment":[{"href":"https:\/\/karchertempclean.com.br\/index.php?rest_route=%2Fwp%2Fv2%2Fmedia&parent=1004"}],"curies":[{"name":"wp","href":"https:\/\/api.w.org\/{rel}","templated":true}]}}